{"id":895,"date":"2018-06-05T09:54:54","date_gmt":"2018-06-05T09:54:54","guid":{"rendered":"https:\/\/lam.unitedforclinicalnutrition.com\/br\/privacy-statement\/"},"modified":"2023-12-18T09:06:27","modified_gmt":"2023-12-18T12:06:27","slug":"declaracao-de-privacidade","status":"publish","type":"page","link":"https:\/\/lam.unitedforclinicalnutrition.com\/pt-br\/declaracao-de-privacidade\/","title":{"rendered":"Declarac\u0327a\u0303o de Privacidade"},"content":{"rendered":"<h2><strong>Declara\u00e7\u00e3o de Privacidade <\/strong><\/h2>\n<p>(Esta \u00e9 a vers\u00e3o atualizada pela \u00faltima vez em fevereiro de 2022).<\/p>\n<p>N\u00f3s apreciamos seu interesse na Fresenius Kabi AG Brasil Ltda e suas subsidi\u00e1rias. (\u201cFresenius Kabi\u201d). Proteger sua privacidade \u00e9 importante para n\u00f3s. Gostar\u00edamos de informar como coletamos dados pessoais, que tipos de informa\u00e7\u00f5es coletamos e explicarmos como essas informa\u00e7\u00f5es s\u00e3o usadas.<\/p>\n<p>Tamb\u00e9m informamos que nossos sites incluem links para sites externos que n\u00e3o s\u00e3o cobertos por esta declara\u00e7\u00e3o de privacidade.<\/p>\n<h3><strong>N\u00f3s coletamos e usamos seus dados <\/strong><\/h3>\n<p>Podemos coletar e fazer uso de seus dados pessoais nas seguintes situa\u00e7\u00f5es:<\/p>\n<h3><strong>Visitando nosso site<\/strong><\/h3>\n<p>Como na maioria dos sites, n\u00f3s coletamos dados da sua visita ao nosso site. Fazemos isso para poder apresentar o site otimizado para o dispositivo que voc\u00ea est\u00e1 usando e com todas as suas fun\u00e7\u00f5es ou para armazenar suas prefer\u00eancias para suas sess\u00f5es de navega\u00e7\u00e3o atuais ou futuras. Os seguintes dados de protocolo de internet s\u00e3o coletados rotineiramente durante as visitas aos nossos sites:<\/p>\n<ul>\n<li>O nome do seu provedor de servi\u00e7os (endere\u00e7o IP);<\/li>\n<li>O site que direcionou voc\u00ea para o nosso site;<\/li>\n<li>As p\u00e1ginas visitadas;<\/li>\n<li>Seu tipo de navegador da Web;<\/li>\n<li>A data e a dura\u00e7\u00e3o da sua visita.<\/li>\n<\/ul>\n<p>Seu endere\u00e7o IP ser\u00e1 processado por pseudonimiza\u00e7\u00e3o, excluindo as tr\u00eas \u00faltimas figuras. Dessa forma, n\u00e3o podemos mais identific\u00e1-lo diretamente como um indiv\u00edduo. Por favor, encontre mais informa\u00e7\u00f5es sobre o uso de cookies anal\u00edticos em nossa\u00a0pol\u00edtica de cookies.<\/p>\n<h3><strong id=\"COOKIES\">Cookies<\/strong><\/h3>\n<p>Em algumas \u00e1reas do nosso site, usamos cookies. Encontre mais informa\u00e7\u00f5es sobre o uso de cookies.<\/p>\n<h3><strong>Cookies estritamente necess\u00e1rios<\/strong><\/h3>\n<p>Este tipo de cookie \u00e9 necess\u00e1rio para o funcionamento do site. Eles s\u00e3o usados \u200b\u200bexclusivamente por n\u00f3s durante a sess\u00e3o e, portanto, s\u00e3o chamados de cookies de sess\u00e3o prim\u00e1rios.<\/p>\n<p>Eles ajudam a p\u00e1gina a carregar mais r\u00e1pido e limitam o n\u00famero de sess\u00f5es originadas de um usu\u00e1rio para evitar sobrecarregar o site.<\/p>\n<p>Eles permanecem v\u00e1lidos durante a sess\u00e3o e s\u00e3o exclu\u00eddos automaticamente quando voc\u00ea fecha o navegador.<\/p>\n<h3><strong>Cookies funcionais<\/strong><\/h3>\n<p>Os cookies funcionais salvam as escolhas que voc\u00ea faz ao visitar este site para oferecer funcionalidade aprimorada e recursos personalizados.<\/p>\n<p>Usamos um cookie de &#8220;notifica\u00e7\u00e3o de cookies&#8221;, que salva sua decis\u00e3o de aceitar ou n\u00e3o o uso de cookies em nosso site. Ele \u00e9 salvo automaticamente quando voc\u00ea clica em uma das duas op\u00e7\u00f5es dispon\u00edveis. Sua aceita\u00e7\u00e3o de nossos cookies \u00e9 armazenada por um ano a partir da data de aceita\u00e7\u00e3o. Se voc\u00ea decidir rejeitar nossos cookies, sua decis\u00e3o ser\u00e1 armazenada por 30 dias. Durante esse per\u00edodo, o banner de informa\u00e7\u00f5es do cookie n\u00e3o ser\u00e1 exibido novamente.<\/p>\n<h3><strong>Cookies anal\u00edticos<\/strong><\/h3>\n<p>Os cookies anal\u00edticos nos permitem analisar como o site \u00e9 usado. Isso nos permite otimizar seu desempenho e aumentar a experi\u00eancia do usu\u00e1rio. Nosso site usa o Google Analytics, uma ferramenta de an\u00e1lise da web. Com essa ferramenta, rastreamos a frequ\u00eancia com que os visitantes usam uma p\u00e1gina em nosso site, quais p\u00e1ginas eles acessam com mais frequ\u00eancia e se recebem mensagens de erro de nossas p\u00e1ginas. Seu endere\u00e7o IP ser\u00e1 processado de forma pseud\u00f4nima. Dessa forma, n\u00e3o poderemos mais identific\u00e1-lo diretamente como um indiv\u00edduo. O endere\u00e7o IP transmitido n\u00e3o ser\u00e1 mesclado com nenhum outro dado coletado por n\u00f3s.<\/p>\n<h3><strong>Cookies de redes sociais<\/strong><\/h3>\n<p>Quando voc\u00ea pressiona \u201cAceito\u201d na se\u00e7\u00e3o de feed de m\u00eddia social, um cookie ser\u00e1 colocado. Voc\u00ea poder\u00e1 visualizar fluxos de atividades de nossos canais de m\u00eddia social corporativos integrados ao nosso site. O seu consentimento \u00e9 armazenado durante a sua visita atrav\u00e9s do nosso cookie de \u201cfluxos de redes sociais\u201d.<\/p>\n<h3><strong>Quando voc\u00ea ativa plug-ins de m\u00eddia social e feeds de atividades<\/strong><\/h3>\n<p>Se voc\u00ea ativar plug-ins ou feeds de atividades de provedores de m\u00eddia social (como Facebook, Twitter, YouTube, LinkedIn, Instagram ou Whatsapp), seu navegador da web se conectar\u00e1 aos servidores dos respectivos provedores e enviar\u00e1 seus dados de usu\u00e1rio espec\u00edficos a esses provedores.<\/p>\n<p>Al\u00e9m disso, se voc\u00ea estiver conectado a uma rede social de um dos provedores mencionados acima, sua atividade poder\u00e1 ser vinculada \u00e0 sua conta de usu\u00e1rio com esses provedores ao mesmo tempo.<\/p>\n<h3><strong>Ativa\u00e7\u00e3o de feeds de atividades<\/strong><\/h3>\n<p>Ao ativar o feed de atividades clicando na m\u00e1scara inativa em nosso site, seu navegador se conectar\u00e1 aos servidores de cada provedor e dados espec\u00edficos do usu\u00e1rio (conforme mencionados abaixo) ser\u00e3o enviados a cada provedor. Observe que um cookie \u00e9 definido automaticamente quando voc\u00ea clica na m\u00e1scara e ser\u00e1 armazenado durante a sua sess\u00e3o de navega\u00e7\u00e3o. Durante este tempo, a m\u00e1scara n\u00e3o ser\u00e1 exibida novamente.<\/p>\n<p>A Fresenius Kabi n\u00e3o tem influ\u00eancia no escopo ou tipo de dados que ser\u00e3o enviados ao ativar os plugins ou o feed de atividades. Al\u00e9m disso, outras opera\u00e7\u00f5es de processamento de dados podem ser acionadas, sobre as quais n\u00e3o temos influ\u00eancia. Para obter mais informa\u00e7\u00f5es sobre o escopo dos dados pessoais coletados e processados, a finalidade para a qual seus dados podem ser usados, bem como seus respectivos direitos e op\u00e7\u00f5es de configura\u00e7\u00e3o para proteger sua privacidade (incluindo seu direito de retirar o consentimento), consulte os dados declara\u00e7\u00e3o de prote\u00e7\u00e3o da respectiva rede social.<\/p>\n<p>Facebook: <a href=\"https:\/\/www.facebook.com\/about\/privacy\" target=\"_blank\" rel=\"noopener\">https:\/\/www.facebook.com\/about\/privacy<\/a><\/p>\n<p>Twitter: <a href=\"https:\/\/twitter.com\/en\/privacy\" target=\"_blank\" rel=\"noopener\">https:\/\/twitter.com\/en\/privacy<\/a><\/p>\n<p>YouTube: <a href=\"https:\/\/policies.google.com\/privacy\" target=\"_blank\" rel=\"noopener\">https:\/\/policies.google.com\/privacy<\/a><\/p>\n<p>Instagram: <a href=\"https:\/\/help.instagram.com\/519522125107875\" target=\"_blank\" rel=\"noopener\">https:\/\/help.instagram.com\/519522125107875<\/a><\/p>\n<p>LinkedIn: <a href=\"https:\/\/www.linkedin.com\/legal\/privacy-policy\" target=\"_blank\" rel=\"noopener\">https:\/\/www.linkedin.com\/legal\/privacy-policy<\/a><\/p>\n<p>WhatsApp: <a href=\"https:\/\/www.whatsapp.com\/legal\/\" target=\"_blank\" rel=\"noopener\">https:\/\/www.whatsapp.com\/legal\/<\/a><\/p>\n<p>Como parte do feed de atividades, podemos incorporar v\u00eddeos do YouTube em nosso site. O YouTube usa cookies para coletar dados espec\u00edficos do usu\u00e1rio em seu site, entre outros usos, para registrar estat\u00edsticas de v\u00eddeo, evitar fraudes e melhorar a usabilidade. Ao iniciar um v\u00eddeo, mais opera\u00e7\u00f5es de processamento de dados podem ser acionadas simultaneamente, sobre as quais n\u00e3o temos influ\u00eancia.<\/p>\n<h3><strong>Quando voc\u00ea nos fornece informa\u00e7\u00f5es ativamente devido a uma solicita\u00e7\u00e3o<\/strong><\/h3>\n<p>Coletaremos e processaremos os dados que voc\u00ea nos forneceu ativamente, por exemplo, ao preencher formul\u00e1rios on-line ou ao entrar em contato conosco por outros meios de comunica\u00e7\u00e3o, como e-mail, telefone ou correio. No caso de formul\u00e1rios on-line, o prop\u00f3sito para o qual voc\u00ea nos fornece seus dados pessoais pode ser encontrado no pr\u00f3prio formul\u00e1rio.<\/p>\n<p>Se voc\u00ea entrar em contato conosco atrav\u00e9s do nosso site, armazenamos informa\u00e7\u00f5es como:<\/p>\n<ul>\n<li>Seu nome, dados de endere\u00e7o, endere\u00e7o de e-mail, n\u00famero de telefone;<\/li>\n<li>Empresa, profiss\u00e3o;<\/li>\n<li>Tipo de solicita\u00e7\u00e3o e poss\u00edveis informa\u00e7\u00f5es adicionais com a finalidade de responder \u00e0 sua consulta.<\/li>\n<\/ul>\n<p>Fazemos isso com base no seu consentimento pr\u00e9vio dado ou, conforme aplic\u00e1vel, com base em uma justificativa legal. Podemos usar estas informa\u00e7\u00f5es para entrar em contato com voc\u00ea com a finalidade de coletar dados adicionais e\/ou responder \u00e0 sua solicita\u00e7\u00e3o\/consulta. Seus dados de contato ser\u00e3o armazenados. Os detalhes fornecidos nos formul\u00e1rios on-line s\u00e3o coletados por meio de uma conex\u00e3o segura para proteger informa\u00e7\u00f5es pessoais contra manipula\u00e7\u00e3o ou acesso n\u00e3o autorizado. Por favor, esteja ciente de que o tr\u00e1fego regular de e-mail n\u00e3o \u00e9 seguro.<\/p>\n<h3><strong>N\u00f3s compartilhamos seus dados <\/strong><\/h3>\n<p>Compartilhamos seus dados no Grupo Fresenius. Os dados ser\u00e3o armazenados e hospedados pela CDmon, Carrer de Girona, 81, 08380 Malgrat de Mar, Barcelona,\u00a0Espanha.<\/p>\n<p>Seus dados pessoais podem ser transferidos para outras empresas\/afiliadas do mesmo grupo, mesmo que localizadas em outros pa\u00edses. O consentimento poder\u00e1 ser revogado a qualquer momento, com efeito no futuro.<\/p>\n<p>N\u00e3o divulgaremos seus dados pessoais a nenhuma autoridade governamental, a menos que isso seja exigido por lei. Nossos funcion\u00e1rios, ag\u00eancias e varejistas s\u00e3o obrigados a respeitar a confidencialidade de seus dados pessoais e privacidade de dados.<\/p>\n<p>Provedores de servi\u00e7o respons\u00e1veis por processamento de dados pessoais em nosso nome (por exemplo para servi\u00e7os de hospedagem ou manuten\u00e7\u00e3o) que necessitam de seguir as nossas instruc\u00e7\u00f5es sobre esse processamento; tais provedores de servi\u00e7os n\u00e3o ser\u00e3o autorizados a utilizar os seus dados pessoais para outros fins que n\u00e3o os nossos.<\/p>\n<h3><strong>Solicita\u00e7\u00f5es, Consultas e Reclama\u00e7\u00f5es<\/strong><\/h3>\n<p>Voc\u00ea pode solicitar informa\u00e7\u00f5es sobre o processamento de seus dados pessoais a qualquer momento, incluindo, entre outros, a origem e os destinat\u00e1rios de seus dados e as finalidades do processamento. Voc\u00ea tamb\u00e9m pode solicitar informa\u00e7\u00f5es sobre o acesso a seus dados, obter uma c\u00f3pia de seus dados, corrigir seus dados e exigir a exclus\u00e3o de seus dados pessoais, desde que n\u00e3o sejam necess\u00e1rios para fins de armazenamento, de acordo com outros requisitos legais, ou pode fazer uma reclama\u00e7\u00e3o (na medida exigida por lei).<\/p>\n<p>Voc\u00ea tem o direito e \u00e9 livre para revogar seu consentimento ou ter seus dados pessoais exclu\u00eddos a qualquer momento; nesse caso, entre em contato conosco atrav\u00e9s dos detalhes de contato listados abaixo.<\/p>\n<p>Se voc\u00ea tiver alguma preocupa\u00e7\u00e3o com a privacidade em rela\u00e7\u00e3o ao acesso ou \u00e0 corre\u00e7\u00e3o de seus dados pessoais, entre em contato com o respons\u00e1vel pela prote\u00e7\u00e3o de dados no seguinte endere\u00e7o:<\/p>\n<p><strong>Fresenius Kabi Brasil<\/strong><\/p>\n<p><strong>Diretor de Prote\u00e7\u00e3o de Dados<\/strong><\/p>\n<p><strong>Marco Cruz <\/strong><\/p>\n<p>Avenida Marginal Projetada<br \/>\n06460-200 Tambor\u00e9 &#8211; Barueri<br \/>\nPhone: 11 2504-1400<\/p>\n<p>E-mail: marco.cruz@fresenius-kabi.com<\/p>\n<p>\u00a9 2000 &#8211; 2022 Fresenius Kabi AG &#8211; O conte\u00fado deste site e suas subp\u00e1ginas, em particular textos, imagens e gr\u00e1ficos, est\u00e3o protegidos por direitos autorais. Todos os direitos s\u00e3o reservados, incluindo direitos de reprodu\u00e7\u00e3o digital e mec\u00e2nica, bem como quaisquer direitos de publica\u00e7\u00e3o em formato digital ou mec\u00e2nico, bem como direitos de edi\u00e7\u00e3o e tradu\u00e7\u00e3o<\/p>\n","protected":false},"excerpt":{"rendered":"<p>Declara\u00e7\u00e3o de Privacidade (Esta \u00e9 a vers\u00e3o atualizada pela \u00faltima vez em fevereiro de 2022). N\u00f3s apreciamos seu interesse na Fresenius Kabi AG Brasil Ltda e suas subsidi\u00e1rias. (\u201cFresenius Kabi\u201d). Proteger sua privacidade \u00e9 importante para n\u00f3s. Gostar\u00edamos de informar como coletamos dados pessoais, que tipos de informa\u00e7\u00f5es coletamos e explicarmos como essas informa\u00e7\u00f5es s\u00e3o [&hellip;]<\/p>\n","protected":false},"author":1,"featured_media":0,"parent":0,"menu_order":104,"comment_status":"closed","ping_status":"closed","template":"","meta":{"_acf_changed":false},"class_list":["post-895","page","type-page","status-publish","hentry"],"acf":[],"yoast_head":"<!-- This site is optimized with the Yoast SEO plugin v24.5 - https:\/\/yoast.com\/wordpress\/plugins\/seo\/ -->\n<title>Declarac\u0327a\u0303o de Privacidade - Unidos pela Nutri\u00e7\u00e3o Cl\u00ednica | Brasil<\/title>\n<meta name=\"description\" content=\"N\u00f3s apreciamos seu interesse na Fresenius Kabi AG Brasil Ltda e suas subsidi\u00e1rias. Proteger sua privacidade \u00e9 importante para n\u00f3s.\" \/>\n<meta name=\"robots\" content=\"index, follow, max-snippet:-1, max-image-preview:large, max-video-preview:-1\" \/>\n<link rel=\"canonical\" href=\"https:\/\/lam.unitedforclinicalnutrition.com\/pt-br\/declaracao-de-privacidade\/\" \/>\n<meta property=\"og:locale\" content=\"pt_BR\" \/>\n<meta property=\"og:type\" content=\"article\" \/>\n<meta property=\"og:title\" content=\"Declarac\u0327a\u0303o de Privacidade - Unidos pela Nutri\u00e7\u00e3o Cl\u00ednica | Brasil\" \/>\n<meta property=\"og:description\" content=\"N\u00f3s apreciamos seu interesse na Fresenius Kabi AG Brasil Ltda e suas subsidi\u00e1rias. Proteger sua privacidade \u00e9 importante para n\u00f3s.\" \/>\n<meta property=\"og:url\" content=\"https:\/\/lam.unitedforclinicalnutrition.com\/pt-br\/declaracao-de-privacidade\/\" \/>\n<meta property=\"og:site_name\" content=\"Unidos pela Nutri\u00e7\u00e3o Cl\u00ednica | Brasil\" \/>\n<meta property=\"article:modified_time\" content=\"2023-12-18T12:06:27+00:00\" \/>\n<meta property=\"og:image\" content=\"https:\/\/lam.unitedforclinicalnutrition.com\/pt-br\/wp-content\/uploads\/sites\/3\/2018\/06\/Downloads_en_0001_Logo_edit_portugues.jpg\" \/>\n\t<meta property=\"og:image:width\" content=\"600\" \/>\n\t<meta property=\"og:image:height\" content=\"400\" \/>\n\t<meta property=\"og:image:type\" content=\"image\/jpeg\" \/>\n<meta name=\"twitter:card\" content=\"summary_large_image\" \/>\n<meta name=\"twitter:label1\" content=\"Est. tempo de leitura\" \/>\n\t<meta name=\"twitter:data1\" content=\"9 minutos\" \/>\n<script type=\"application\/ld+json\" class=\"yoast-schema-graph\">{\"@context\":\"https:\/\/schema.org\",\"@graph\":[{\"@type\":\"WebPage\",\"@id\":\"https:\/\/lam.unitedforclinicalnutrition.com\/pt-br\/declaracao-de-privacidade\/\",\"url\":\"https:\/\/lam.unitedforclinicalnutrition.com\/pt-br\/declaracao-de-privacidade\/\",\"name\":\"Declarac\u0327a\u0303o de Privacidade - Unidos pela Nutri\u00e7\u00e3o Cl\u00ednica | Brasil\",\"isPartOf\":{\"@id\":\"https:\/\/lam.unitedforclinicalnutrition.com\/pt-br\/#website\"},\"datePublished\":\"2018-06-05T09:54:54+00:00\",\"dateModified\":\"2023-12-18T12:06:27+00:00\",\"description\":\"N\u00f3s apreciamos seu interesse na Fresenius Kabi AG Brasil Ltda e suas subsidi\u00e1rias. Proteger sua privacidade \u00e9 importante para n\u00f3s.\",\"breadcrumb\":{\"@id\":\"https:\/\/lam.unitedforclinicalnutrition.com\/pt-br\/declaracao-de-privacidade\/#breadcrumb\"},\"inLanguage\":\"pt-BR\",\"potentialAction\":[{\"@type\":\"ReadAction\",\"target\":[\"https:\/\/lam.unitedforclinicalnutrition.com\/pt-br\/declaracao-de-privacidade\/\"]}]},{\"@type\":\"BreadcrumbList\",\"@id\":\"https:\/\/lam.unitedforclinicalnutrition.com\/pt-br\/declaracao-de-privacidade\/#breadcrumb\",\"itemListElement\":[{\"@type\":\"ListItem\",\"position\":1,\"name\":\"Home\",\"item\":\"https:\/\/lam.unitedforclinicalnutrition.com\/pt-br\/\"},{\"@type\":\"ListItem\",\"position\":2,\"name\":\"Declarac\u0327a\u0303o de Privacidade\"}]},{\"@type\":\"WebSite\",\"@id\":\"https:\/\/lam.unitedforclinicalnutrition.com\/pt-br\/#website\",\"url\":\"https:\/\/lam.unitedforclinicalnutrition.com\/pt-br\/\",\"name\":\"Unidos pela Nutri\u00e7\u00e3o Cl\u00ednica | Brasil\",\"description\":\"\u00c9 uma iniciativa criada pela Fresenius Kabi para ajudar aos profissionais de sa\u00fade.\",\"publisher\":{\"@id\":\"https:\/\/lam.unitedforclinicalnutrition.com\/pt-br\/#organization\"},\"potentialAction\":[{\"@type\":\"SearchAction\",\"target\":{\"@type\":\"EntryPoint\",\"urlTemplate\":\"https:\/\/lam.unitedforclinicalnutrition.com\/pt-br\/?s={search_term_string}\"},\"query-input\":{\"@type\":\"PropertyValueSpecification\",\"valueRequired\":true,\"valueName\":\"search_term_string\"}}],\"inLanguage\":\"pt-BR\"},{\"@type\":\"Organization\",\"@id\":\"https:\/\/lam.unitedforclinicalnutrition.com\/pt-br\/#organization\",\"name\":\"Fresenius Kabi AG\",\"url\":\"https:\/\/lam.unitedforclinicalnutrition.com\/pt-br\/\",\"logo\":{\"@type\":\"ImageObject\",\"inLanguage\":\"pt-BR\",\"@id\":\"https:\/\/lam.unitedforclinicalnutrition.com\/pt-br\/#\/schema\/logo\/image\/\",\"url\":\"https:\/\/lam.unitedforclinicalnutrition.com\/pt-br\/wp-content\/uploads\/sites\/3\/2018\/06\/Downloads_en_0001_Logo_edit_portugues.jpg\",\"contentUrl\":\"https:\/\/lam.unitedforclinicalnutrition.com\/pt-br\/wp-content\/uploads\/sites\/3\/2018\/06\/Downloads_en_0001_Logo_edit_portugues.jpg\",\"width\":600,\"height\":400,\"caption\":\"Fresenius Kabi AG\"},\"image\":{\"@id\":\"https:\/\/lam.unitedforclinicalnutrition.com\/pt-br\/#\/schema\/logo\/image\/\"}}]}<\/script>\n<!-- \/ Yoast SEO plugin. -->","yoast_head_json":{"title":"Declarac\u0327a\u0303o de Privacidade - Unidos pela Nutri\u00e7\u00e3o Cl\u00ednica | Brasil","description":"N\u00f3s apreciamos seu interesse na Fresenius Kabi AG Brasil Ltda e suas subsidi\u00e1rias. Proteger sua privacidade \u00e9 importante para n\u00f3s.","robots":{"index":"index","follow":"follow","max-snippet":"max-snippet:-1","max-image-preview":"max-image-preview:large","max-video-preview":"max-video-preview:-1"},"canonical":"https:\/\/lam.unitedforclinicalnutrition.com\/pt-br\/declaracao-de-privacidade\/","og_locale":"pt_BR","og_type":"article","og_title":"Declarac\u0327a\u0303o de Privacidade - Unidos pela Nutri\u00e7\u00e3o Cl\u00ednica | Brasil","og_description":"N\u00f3s apreciamos seu interesse na Fresenius Kabi AG Brasil Ltda e suas subsidi\u00e1rias. Proteger sua privacidade \u00e9 importante para n\u00f3s.","og_url":"https:\/\/lam.unitedforclinicalnutrition.com\/pt-br\/declaracao-de-privacidade\/","og_site_name":"Unidos pela Nutri\u00e7\u00e3o Cl\u00ednica | Brasil","article_modified_time":"2023-12-18T12:06:27+00:00","og_image":[{"width":600,"height":400,"url":"https:\/\/lam.unitedforclinicalnutrition.com\/pt-br\/wp-content\/uploads\/sites\/3\/2018\/06\/Downloads_en_0001_Logo_edit_portugues.jpg","type":"image\/jpeg"}],"twitter_card":"summary_large_image","twitter_misc":{"Est. tempo de leitura":"9 minutos"},"schema":{"@context":"https:\/\/schema.org","@graph":[{"@type":"WebPage","@id":"https:\/\/lam.unitedforclinicalnutrition.com\/pt-br\/declaracao-de-privacidade\/","url":"https:\/\/lam.unitedforclinicalnutrition.com\/pt-br\/declaracao-de-privacidade\/","name":"Declarac\u0327a\u0303o de Privacidade - Unidos pela Nutri\u00e7\u00e3o Cl\u00ednica | Brasil","isPartOf":{"@id":"https:\/\/lam.unitedforclinicalnutrition.com\/pt-br\/#website"},"datePublished":"2018-06-05T09:54:54+00:00","dateModified":"2023-12-18T12:06:27+00:00","description":"N\u00f3s apreciamos seu interesse na Fresenius Kabi AG Brasil Ltda e suas subsidi\u00e1rias. Proteger sua privacidade \u00e9 importante para n\u00f3s.","breadcrumb":{"@id":"https:\/\/lam.unitedforclinicalnutrition.com\/pt-br\/declaracao-de-privacidade\/#breadcrumb"},"inLanguage":"pt-BR","potentialAction":[{"@type":"ReadAction","target":["https:\/\/lam.unitedforclinicalnutrition.com\/pt-br\/declaracao-de-privacidade\/"]}]},{"@type":"BreadcrumbList","@id":"https:\/\/lam.unitedforclinicalnutrition.com\/pt-br\/declaracao-de-privacidade\/#breadcrumb","itemListElement":[{"@type":"ListItem","position":1,"name":"Home","item":"https:\/\/lam.unitedforclinicalnutrition.com\/pt-br\/"},{"@type":"ListItem","position":2,"name":"Declarac\u0327a\u0303o de Privacidade"}]},{"@type":"WebSite","@id":"https:\/\/lam.unitedforclinicalnutrition.com\/pt-br\/#website","url":"https:\/\/lam.unitedforclinicalnutrition.com\/pt-br\/","name":"Unidos pela Nutri\u00e7\u00e3o Cl\u00ednica | Brasil","description":"\u00c9 uma iniciativa criada pela Fresenius Kabi para ajudar aos profissionais de sa\u00fade.","publisher":{"@id":"https:\/\/lam.unitedforclinicalnutrition.com\/pt-br\/#organization"},"potentialAction":[{"@type":"SearchAction","target":{"@type":"EntryPoint","urlTemplate":"https:\/\/lam.unitedforclinicalnutrition.com\/pt-br\/?s={search_term_string}"},"query-input":{"@type":"PropertyValueSpecification","valueRequired":true,"valueName":"search_term_string"}}],"inLanguage":"pt-BR"},{"@type":"Organization","@id":"https:\/\/lam.unitedforclinicalnutrition.com\/pt-br\/#organization","name":"Fresenius Kabi AG","url":"https:\/\/lam.unitedforclinicalnutrition.com\/pt-br\/","logo":{"@type":"ImageObject","inLanguage":"pt-BR","@id":"https:\/\/lam.unitedforclinicalnutrition.com\/pt-br\/#\/schema\/logo\/image\/","url":"https:\/\/lam.unitedforclinicalnutrition.com\/pt-br\/wp-content\/uploads\/sites\/3\/2018\/06\/Downloads_en_0001_Logo_edit_portugues.jpg","contentUrl":"https:\/\/lam.unitedforclinicalnutrition.com\/pt-br\/wp-content\/uploads\/sites\/3\/2018\/06\/Downloads_en_0001_Logo_edit_portugues.jpg","width":600,"height":400,"caption":"Fresenius Kabi AG"},"image":{"@id":"https:\/\/lam.unitedforclinicalnutrition.com\/pt-br\/#\/schema\/logo\/image\/"}}]}},"_links":{"self":[{"href":"https:\/\/lam.unitedforclinicalnutrition.com\/pt-br\/wp-json\/wp\/v2\/pages\/895","targetHints":{"allow":["GET"]}}],"collection":[{"href":"https:\/\/lam.unitedforclinicalnutrition.com\/pt-br\/wp-json\/wp\/v2\/pages"}],"about":[{"href":"https:\/\/lam.unitedforclinicalnutrition.com\/pt-br\/wp-json\/wp\/v2\/types\/page"}],"author":[{"embeddable":true,"href":"https:\/\/lam.unitedforclinicalnutrition.com\/pt-br\/wp-json\/wp\/v2\/users\/1"}],"replies":[{"embeddable":true,"href":"https:\/\/lam.unitedforclinicalnutrition.com\/pt-br\/wp-json\/wp\/v2\/comments?post=895"}],"version-history":[{"count":0,"href":"https:\/\/lam.unitedforclinicalnutrition.com\/pt-br\/wp-json\/wp\/v2\/pages\/895\/revisions"}],"wp:attachment":[{"href":"https:\/\/lam.unitedforclinicalnutrition.com\/pt-br\/wp-json\/wp\/v2\/media?parent=895"}],"curies":[{"name":"wp","href":"https:\/\/api.w.org\/{rel}","templated":true}]}}