{"id":176,"date":"2018-05-08T09:29:40","date_gmt":"2018-05-08T09:29:40","guid":{"rendered":"https:\/\/lam.unitedforclinicalnutrition.com\/br\/?page_id=176"},"modified":"2024-03-13T13:40:36","modified_gmt":"2024-03-13T16:40:36","slug":"legal-disclaimer","status":"publish","type":"page","link":"https:\/\/lam.unitedforclinicalnutrition.com\/pt-br\/legal-disclaimer\/","title":{"rendered":"Disposi\u00e7\u00f5es legais"},"content":{"rendered":"<p>A informa\u00e7\u00e3o constante deste site foi cuidadosamente preparada e \u00e9 continuamente ampliada e atualizada. No entanto, n\u00e3o assumimos qualquer responsabilidade pela precis\u00e3o ou integralidade dos seus conte\u00fados, ou ainda sob qualquer responsabilidade por danos patrimoniais ou n\u00e3o patrimoniais, diretos ou indiretos, que possam decorrer da utiliza\u00e7\u00e3o das informa\u00e7\u00f5es constantes deste site de internet. O uso deste site \u00e9 efetuado por conta e risco do usu\u00e1rio, exceto quando informa\u00e7\u00e3o incorreta seja publicada de forma comprovadamente intencional, de forma dolosa ou com neglig\u00eancia.<\/p>\n<p>Reservamo-nos o direito de alterar o conte\u00fado do site sem aviso pr\u00e9vio, sempre que julgarmos apropriado. N\u00e3o somos respons\u00e1veis por nenhum incidente decorrente dessas altera\u00e7\u00f5es.<\/p>\n<p>N\u00e3o \u00e9 oferecida nenhuma garantia de que a disponibiliza\u00e7\u00e3o do site n\u00e3o sofra interrup\u00e7\u00e3o por problemas de ordem t\u00e9cnica.<\/p>\n<p>O provimento adequado de todos os recursos de software e hardware necess\u00e1rio para o acesso adequado ao site \u00e9 de exclusiva responsabilidade do usu\u00e1rio.<\/p>\n<h3><strong>Informa\u00e7\u00e3o comercial e informa\u00e7\u00e3o sobre o produto <\/strong><\/h3>\n<p>As informa\u00e7\u00f5es contidas no presente site n\u00e3o s\u00e3o vinculativas e destinam-se, apenas, a informa\u00e7\u00e3o geral dos usu\u00e1rios. A informa\u00e7\u00e3o disponibilizada n\u00e3o substitui aconselhamento especializado e profissional de car\u00e1ter financeiro, m\u00e9dico ou outro. Os usu\u00e1rios do presente site n\u00e3o devem utilizar a informa\u00e7\u00e3o contida no mesmo sem previamente solicitar aconselhamento profissional adequado. N\u00e3o somos respons\u00e1veis pelo conte\u00fado de textos de terceiros que sejam publicados no presente site, sendo os mesmos da responsabilidade dos seus autores. Tamb\u00e9m n\u00e3o assumimos qualquer responsabilidade por danos ou preju\u00edzos decorrentes da utiliza\u00e7\u00e3o de tais informa\u00e7\u00f5es.<\/p>\n<h3><strong>Direitos de Autor <\/strong><\/h3>\n<p>A Fresenius Kabi Brasil e suas subsidi\u00e1rias s\u00e3o propriet\u00e1rias de todos os direitos inerentes \u00e0s p\u00e1ginas de internet criadas. Todos os textos e ilustra\u00e7\u00f5es est\u00e3o protegidos por direitos de autor. Os usu\u00e1rios podem tomar conhecimento das informa\u00e7\u00f5es constantes dos sites de internet bem como descarreg\u00e1-las nas mem\u00f3rias principais dos seus computadores, n\u00e3o sendo permitida, por\u00e9m, nenhuma modifica\u00e7\u00e3o ou reprodu\u00e7\u00e3o posterior, do conte\u00fado. Na medida em que seja poss\u00edvel efetuar uma impress\u00e3o, esta \u00e9 autorizada apenas para exclusivo uso pessoal de cada usu\u00e1rio; qualquer reprodu\u00e7\u00e3o ou transmiss\u00e3o a terceiros encontra-se exclu\u00edda da autoriza\u00e7\u00e3o concedida. Qualquer outra utiliza\u00e7\u00e3o, especialmente para fins comerciais, n\u00e3o ser\u00e1 permitida. N\u00e3o ser\u00e1 concedido aos usu\u00e1rios qualquer direito autoral ou outros direitos de propriedade intelectual ou licen\u00e7as de qualquer tipo com rela\u00e7\u00e3o a marcas registradas, patentes, log\u00f3tipos, ou o conte\u00fado do site.<\/p>\n<h3><strong>Lei aplic\u00e1vel <\/strong><\/h3>\n<p>O conte\u00fado das nossas p\u00e1ginas de internet \u00e9 destinado ao territ\u00f3rio brasileiro.<\/p>\n<h3><strong>Hiperlinks <\/strong><\/h3>\n<p>Para al\u00e9m da informa\u00e7\u00e3o pr\u00f3pria s\u00e3o tamb\u00e9m facultadas liga\u00e7\u00f5es (links) a sites propriedade de terceiros, encontrando-se o seu conte\u00fado e design fora de nosso controle, n\u00e3o garantindo dessa forma a corre\u00e7\u00e3o e\/ou precis\u00e3o das informa\u00e7\u00f5es constantes dos mesmos. As liga\u00e7\u00f5es a outros sites n\u00e3o representam nenhum aval, apoio, declara\u00e7\u00e3o ou nossa garantia quanto ao conte\u00fado dos sites veiculados. Os autores dos sites de internet aos quais s\u00e3o efetuadas liga\u00e7\u00f5es s\u00e3o respons\u00e1veis pelas informa\u00e7\u00f5es, opini\u00f5es e fatos constantes das suas pr\u00f3prias p\u00e1ginas de internet. N\u00f3s n\u00e3o somos respons\u00e1veis pela seguran\u00e7a t\u00e9cnica das liga\u00e7\u00f5es (links) e das p\u00e1ginas de internet de destino. Em consequ\u00eancia, n\u00e3o somos respons\u00e1veis por quaisquer danos que possam decorrer da utiliza\u00e7\u00e3o de qualquer informa\u00e7\u00e3o contida nesses hyperlinks ou da utiliza\u00e7\u00e3o dos pr\u00f3prios hyperlinks.<\/p>\n<h3><strong>Informa\u00e7\u00f5es adicionais e consultas<\/strong><\/h3>\n<p>O nosso Servi\u00e7o de Atendimento ao Consumidor (SAC) responder\u00e1 a quaisquer quest\u00f5es ou d\u00favidas relativas \u00e0 nossa pol\u00edtica de privacidade na internet.<\/p>\n<p>Fresenius Kabi Brasil Ltda.<br \/>\nAv. Marginal Projetada, 1652<br \/>\nFazenda Tambor\u00e9 \u2013 Barueri \u2013 SP \u2013 06460-200<br \/>\nFone: +55 11 2504 1400<br \/>\nFax: +55 11 2504 1601<br \/>\nSAC: 0800 707 3855<br \/>\nE-mail: <a href=\"mailto:contato.brasil@fresenius-kabi.com\">contato.brasil@fresenius-kabi.com<\/a><\/p>\n","protected":false},"excerpt":{"rendered":"<p>A informa\u00e7\u00e3o constante deste site foi cuidadosamente preparada e \u00e9 continuamente ampliada e atualizada. No entanto, n\u00e3o assumimos qualquer responsabilidade pela precis\u00e3o ou integralidade dos seus conte\u00fados, ou ainda sob qualquer responsabilidade por danos patrimoniais ou n\u00e3o patrimoniais, diretos ou indiretos, que possam decorrer da utiliza\u00e7\u00e3o das informa\u00e7\u00f5es constantes deste site de internet. O uso [&hellip;]<\/p>\n","protected":false},"author":1,"featured_media":0,"parent":0,"menu_order":100,"comment_status":"closed","ping_status":"closed","template":"","meta":{"_acf_changed":false},"class_list":["post-176","page","type-page","status-publish","hentry"],"acf":[],"yoast_head":"<!-- This site is optimized with the Yoast SEO plugin v24.5 - https:\/\/yoast.com\/wordpress\/plugins\/seo\/ -->\n<title>Disposi\u00e7\u00f5es legais - Unidos pela Nutri\u00e7\u00e3o Cl\u00ednica | Brasil<\/title>\n<meta name=\"description\" content=\"As informa\u00e7\u00f5es no presente site n\u00e3o s\u00e3o vinculativas e destinam-se, apenas, a informa\u00e7\u00e3o geral dos usu\u00e1rios. Leia as disposi\u00e7\u00f5es legais.\" \/>\n<meta name=\"robots\" content=\"index, follow, max-snippet:-1, max-image-preview:large, max-video-preview:-1\" \/>\n<link rel=\"canonical\" href=\"https:\/\/lam.unitedforclinicalnutrition.com\/pt-br\/legal-disclaimer\/\" \/>\n<meta property=\"og:locale\" content=\"pt_BR\" \/>\n<meta property=\"og:type\" content=\"article\" \/>\n<meta property=\"og:title\" content=\"Disposi\u00e7\u00f5es legais - Unidos pela Nutri\u00e7\u00e3o Cl\u00ednica | Brasil\" \/>\n<meta property=\"og:description\" content=\"As informa\u00e7\u00f5es no presente site n\u00e3o s\u00e3o vinculativas e destinam-se, apenas, a informa\u00e7\u00e3o geral dos usu\u00e1rios. Leia as disposi\u00e7\u00f5es legais.\" \/>\n<meta property=\"og:url\" content=\"https:\/\/lam.unitedforclinicalnutrition.com\/pt-br\/legal-disclaimer\/\" \/>\n<meta property=\"og:site_name\" content=\"Unidos pela Nutri\u00e7\u00e3o Cl\u00ednica | Brasil\" \/>\n<meta property=\"article:modified_time\" content=\"2024-03-13T16:40:36+00:00\" \/>\n<meta property=\"og:image\" content=\"https:\/\/lam.unitedforclinicalnutrition.com\/pt-br\/wp-content\/uploads\/sites\/3\/2018\/06\/Downloads_en_0001_Logo_edit_portugues.jpg\" \/>\n\t<meta property=\"og:image:width\" content=\"600\" \/>\n\t<meta property=\"og:image:height\" content=\"400\" \/>\n\t<meta property=\"og:image:type\" content=\"image\/jpeg\" \/>\n<meta name=\"twitter:card\" content=\"summary_large_image\" \/>\n<meta name=\"twitter:label1\" content=\"Est. tempo de leitura\" \/>\n\t<meta name=\"twitter:data1\" content=\"4 minutos\" \/>\n<script type=\"application\/ld+json\" class=\"yoast-schema-graph\">{\"@context\":\"https:\/\/schema.org\",\"@graph\":[{\"@type\":\"WebPage\",\"@id\":\"https:\/\/lam.unitedforclinicalnutrition.com\/pt-br\/legal-disclaimer\/\",\"url\":\"https:\/\/lam.unitedforclinicalnutrition.com\/pt-br\/legal-disclaimer\/\",\"name\":\"Disposi\u00e7\u00f5es legais - Unidos pela Nutri\u00e7\u00e3o Cl\u00ednica | Brasil\",\"isPartOf\":{\"@id\":\"https:\/\/lam.unitedforclinicalnutrition.com\/pt-br\/#website\"},\"datePublished\":\"2018-05-08T09:29:40+00:00\",\"dateModified\":\"2024-03-13T16:40:36+00:00\",\"description\":\"As informa\u00e7\u00f5es no presente site n\u00e3o s\u00e3o vinculativas e destinam-se, apenas, a informa\u00e7\u00e3o geral dos usu\u00e1rios. Leia as disposi\u00e7\u00f5es legais.\",\"breadcrumb\":{\"@id\":\"https:\/\/lam.unitedforclinicalnutrition.com\/pt-br\/legal-disclaimer\/#breadcrumb\"},\"inLanguage\":\"pt-BR\",\"potentialAction\":[{\"@type\":\"ReadAction\",\"target\":[\"https:\/\/lam.unitedforclinicalnutrition.com\/pt-br\/legal-disclaimer\/\"]}]},{\"@type\":\"BreadcrumbList\",\"@id\":\"https:\/\/lam.unitedforclinicalnutrition.com\/pt-br\/legal-disclaimer\/#breadcrumb\",\"itemListElement\":[{\"@type\":\"ListItem\",\"position\":1,\"name\":\"Home\",\"item\":\"https:\/\/lam.unitedforclinicalnutrition.com\/pt-br\/\"},{\"@type\":\"ListItem\",\"position\":2,\"name\":\"Disposi\u00e7\u00f5es legais\"}]},{\"@type\":\"WebSite\",\"@id\":\"https:\/\/lam.unitedforclinicalnutrition.com\/pt-br\/#website\",\"url\":\"https:\/\/lam.unitedforclinicalnutrition.com\/pt-br\/\",\"name\":\"Unidos pela Nutri\u00e7\u00e3o Cl\u00ednica | Brasil\",\"description\":\"\u00c9 uma iniciativa criada pela Fresenius Kabi para ajudar aos profissionais de sa\u00fade.\",\"publisher\":{\"@id\":\"https:\/\/lam.unitedforclinicalnutrition.com\/pt-br\/#organization\"},\"potentialAction\":[{\"@type\":\"SearchAction\",\"target\":{\"@type\":\"EntryPoint\",\"urlTemplate\":\"https:\/\/lam.unitedforclinicalnutrition.com\/pt-br\/?s={search_term_string}\"},\"query-input\":{\"@type\":\"PropertyValueSpecification\",\"valueRequired\":true,\"valueName\":\"search_term_string\"}}],\"inLanguage\":\"pt-BR\"},{\"@type\":\"Organization\",\"@id\":\"https:\/\/lam.unitedforclinicalnutrition.com\/pt-br\/#organization\",\"name\":\"Fresenius Kabi AG\",\"url\":\"https:\/\/lam.unitedforclinicalnutrition.com\/pt-br\/\",\"logo\":{\"@type\":\"ImageObject\",\"inLanguage\":\"pt-BR\",\"@id\":\"https:\/\/lam.unitedforclinicalnutrition.com\/pt-br\/#\/schema\/logo\/image\/\",\"url\":\"https:\/\/lam.unitedforclinicalnutrition.com\/pt-br\/wp-content\/uploads\/sites\/3\/2018\/06\/Downloads_en_0001_Logo_edit_portugues.jpg\",\"contentUrl\":\"https:\/\/lam.unitedforclinicalnutrition.com\/pt-br\/wp-content\/uploads\/sites\/3\/2018\/06\/Downloads_en_0001_Logo_edit_portugues.jpg\",\"width\":600,\"height\":400,\"caption\":\"Fresenius Kabi AG\"},\"image\":{\"@id\":\"https:\/\/lam.unitedforclinicalnutrition.com\/pt-br\/#\/schema\/logo\/image\/\"}}]}<\/script>\n<!-- \/ Yoast SEO plugin. -->","yoast_head_json":{"title":"Disposi\u00e7\u00f5es legais - Unidos pela Nutri\u00e7\u00e3o Cl\u00ednica | Brasil","description":"As informa\u00e7\u00f5es no presente site n\u00e3o s\u00e3o vinculativas e destinam-se, apenas, a informa\u00e7\u00e3o geral dos usu\u00e1rios. Leia as disposi\u00e7\u00f5es legais.","robots":{"index":"index","follow":"follow","max-snippet":"max-snippet:-1","max-image-preview":"max-image-preview:large","max-video-preview":"max-video-preview:-1"},"canonical":"https:\/\/lam.unitedforclinicalnutrition.com\/pt-br\/legal-disclaimer\/","og_locale":"pt_BR","og_type":"article","og_title":"Disposi\u00e7\u00f5es legais - Unidos pela Nutri\u00e7\u00e3o Cl\u00ednica | Brasil","og_description":"As informa\u00e7\u00f5es no presente site n\u00e3o s\u00e3o vinculativas e destinam-se, apenas, a informa\u00e7\u00e3o geral dos usu\u00e1rios. Leia as disposi\u00e7\u00f5es legais.","og_url":"https:\/\/lam.unitedforclinicalnutrition.com\/pt-br\/legal-disclaimer\/","og_site_name":"Unidos pela Nutri\u00e7\u00e3o Cl\u00ednica | Brasil","article_modified_time":"2024-03-13T16:40:36+00:00","og_image":[{"width":600,"height":400,"url":"https:\/\/lam.unitedforclinicalnutrition.com\/pt-br\/wp-content\/uploads\/sites\/3\/2018\/06\/Downloads_en_0001_Logo_edit_portugues.jpg","type":"image\/jpeg"}],"twitter_card":"summary_large_image","twitter_misc":{"Est. tempo de leitura":"4 minutos"},"schema":{"@context":"https:\/\/schema.org","@graph":[{"@type":"WebPage","@id":"https:\/\/lam.unitedforclinicalnutrition.com\/pt-br\/legal-disclaimer\/","url":"https:\/\/lam.unitedforclinicalnutrition.com\/pt-br\/legal-disclaimer\/","name":"Disposi\u00e7\u00f5es legais - Unidos pela Nutri\u00e7\u00e3o Cl\u00ednica | Brasil","isPartOf":{"@id":"https:\/\/lam.unitedforclinicalnutrition.com\/pt-br\/#website"},"datePublished":"2018-05-08T09:29:40+00:00","dateModified":"2024-03-13T16:40:36+00:00","description":"As informa\u00e7\u00f5es no presente site n\u00e3o s\u00e3o vinculativas e destinam-se, apenas, a informa\u00e7\u00e3o geral dos usu\u00e1rios. Leia as disposi\u00e7\u00f5es legais.","breadcrumb":{"@id":"https:\/\/lam.unitedforclinicalnutrition.com\/pt-br\/legal-disclaimer\/#breadcrumb"},"inLanguage":"pt-BR","potentialAction":[{"@type":"ReadAction","target":["https:\/\/lam.unitedforclinicalnutrition.com\/pt-br\/legal-disclaimer\/"]}]},{"@type":"BreadcrumbList","@id":"https:\/\/lam.unitedforclinicalnutrition.com\/pt-br\/legal-disclaimer\/#breadcrumb","itemListElement":[{"@type":"ListItem","position":1,"name":"Home","item":"https:\/\/lam.unitedforclinicalnutrition.com\/pt-br\/"},{"@type":"ListItem","position":2,"name":"Disposi\u00e7\u00f5es legais"}]},{"@type":"WebSite","@id":"https:\/\/lam.unitedforclinicalnutrition.com\/pt-br\/#website","url":"https:\/\/lam.unitedforclinicalnutrition.com\/pt-br\/","name":"Unidos pela Nutri\u00e7\u00e3o Cl\u00ednica | Brasil","description":"\u00c9 uma iniciativa criada pela Fresenius Kabi para ajudar aos profissionais de sa\u00fade.","publisher":{"@id":"https:\/\/lam.unitedforclinicalnutrition.com\/pt-br\/#organization"},"potentialAction":[{"@type":"SearchAction","target":{"@type":"EntryPoint","urlTemplate":"https:\/\/lam.unitedforclinicalnutrition.com\/pt-br\/?s={search_term_string}"},"query-input":{"@type":"PropertyValueSpecification","valueRequired":true,"valueName":"search_term_string"}}],"inLanguage":"pt-BR"},{"@type":"Organization","@id":"https:\/\/lam.unitedforclinicalnutrition.com\/pt-br\/#organization","name":"Fresenius Kabi AG","url":"https:\/\/lam.unitedforclinicalnutrition.com\/pt-br\/","logo":{"@type":"ImageObject","inLanguage":"pt-BR","@id":"https:\/\/lam.unitedforclinicalnutrition.com\/pt-br\/#\/schema\/logo\/image\/","url":"https:\/\/lam.unitedforclinicalnutrition.com\/pt-br\/wp-content\/uploads\/sites\/3\/2018\/06\/Downloads_en_0001_Logo_edit_portugues.jpg","contentUrl":"https:\/\/lam.unitedforclinicalnutrition.com\/pt-br\/wp-content\/uploads\/sites\/3\/2018\/06\/Downloads_en_0001_Logo_edit_portugues.jpg","width":600,"height":400,"caption":"Fresenius Kabi AG"},"image":{"@id":"https:\/\/lam.unitedforclinicalnutrition.com\/pt-br\/#\/schema\/logo\/image\/"}}]}},"_links":{"self":[{"href":"https:\/\/lam.unitedforclinicalnutrition.com\/pt-br\/wp-json\/wp\/v2\/pages\/176","targetHints":{"allow":["GET"]}}],"collection":[{"href":"https:\/\/lam.unitedforclinicalnutrition.com\/pt-br\/wp-json\/wp\/v2\/pages"}],"about":[{"href":"https:\/\/lam.unitedforclinicalnutrition.com\/pt-br\/wp-json\/wp\/v2\/types\/page"}],"author":[{"embeddable":true,"href":"https:\/\/lam.unitedforclinicalnutrition.com\/pt-br\/wp-json\/wp\/v2\/users\/1"}],"replies":[{"embeddable":true,"href":"https:\/\/lam.unitedforclinicalnutrition.com\/pt-br\/wp-json\/wp\/v2\/comments?post=176"}],"version-history":[{"count":0,"href":"https:\/\/lam.unitedforclinicalnutrition.com\/pt-br\/wp-json\/wp\/v2\/pages\/176\/revisions"}],"wp:attachment":[{"href":"https:\/\/lam.unitedforclinicalnutrition.com\/pt-br\/wp-json\/wp\/v2\/media?parent=176"}],"curies":[{"name":"wp","href":"https:\/\/api.w.org\/{rel}","templated":true}]}}