{"id":144,"date":"2018-05-08T09:14:59","date_gmt":"2018-05-08T09:14:59","guid":{"rendered":"https:\/\/lam.unitedforclinicalnutrition.com\/br\/?page_id=144"},"modified":"2021-11-10T11:25:24","modified_gmt":"2021-11-10T11:25:24","slug":"tools","status":"publish","type":"page","link":"https:\/\/lam.unitedforclinicalnutrition.com\/pt-br\/tools\/","title":{"rendered":"Ferramentas"},"content":{"rendered":"","protected":false},"excerpt":{"rendered":"","protected":false},"author":1,"featured_media":0,"parent":0,"menu_order":5,"comment_status":"closed","ping_status":"closed","template":"template-tools.php","meta":{"_acf_changed":false},"class_list":["post-144","page","type-page","status-publish","hentry"],"acf":[],"yoast_head":"<!-- This site is optimized with the Yoast SEO plugin v24.5 - https:\/\/yoast.com\/wordpress\/plugins\/seo\/ -->\n<title>Ferramentas - Unidos pela Nutri\u00e7\u00e3o Cl\u00ednica | Brasil<\/title>\n<meta name=\"robots\" content=\"index, follow, max-snippet:-1, max-image-preview:large, max-video-preview:-1\" \/>\n<link rel=\"canonical\" href=\"https:\/\/lam.unitedforclinicalnutrition.com\/pt-br\/tools\/\" \/>\n<meta property=\"og:locale\" content=\"pt_BR\" \/>\n<meta property=\"og:type\" content=\"article\" \/>\n<meta property=\"og:title\" content=\"Ferramentas - Unidos pela Nutri\u00e7\u00e3o Cl\u00ednica | Brasil\" \/>\n<meta property=\"og:url\" content=\"https:\/\/lam.unitedforclinicalnutrition.com\/pt-br\/tools\/\" \/>\n<meta property=\"og:site_name\" content=\"Unidos pela Nutri\u00e7\u00e3o Cl\u00ednica | Brasil\" \/>\n<meta property=\"article:modified_time\" content=\"2021-11-10T11:25:24+00:00\" \/>\n<meta property=\"og:image\" content=\"https:\/\/lam.unitedforclinicalnutrition.com\/pt-br\/wp-content\/uploads\/sites\/3\/2018\/06\/Downloads_en_0001_Logo_edit_portugues.jpg\" \/>\n\t<meta property=\"og:image:width\" content=\"600\" \/>\n\t<meta property=\"og:image:height\" content=\"400\" \/>\n\t<meta property=\"og:image:type\" content=\"image\/jpeg\" \/>\n<meta name=\"twitter:card\" content=\"summary_large_image\" \/>\n<script type=\"application\/ld+json\" class=\"yoast-schema-graph\">{\"@context\":\"https:\/\/schema.org\",\"@graph\":[{\"@type\":\"WebPage\",\"@id\":\"https:\/\/lam.unitedforclinicalnutrition.com\/pt-br\/tools\/\",\"url\":\"https:\/\/lam.unitedforclinicalnutrition.com\/pt-br\/tools\/\",\"name\":\"Ferramentas - Unidos pela Nutri\u00e7\u00e3o Cl\u00ednica | Brasil\",\"isPartOf\":{\"@id\":\"https:\/\/lam.unitedforclinicalnutrition.com\/pt-br\/#website\"},\"datePublished\":\"2018-05-08T09:14:59+00:00\",\"dateModified\":\"2021-11-10T11:25:24+00:00\",\"breadcrumb\":{\"@id\":\"https:\/\/lam.unitedforclinicalnutrition.com\/pt-br\/tools\/#breadcrumb\"},\"inLanguage\":\"pt-BR\",\"potentialAction\":[{\"@type\":\"ReadAction\",\"target\":[\"https:\/\/lam.unitedforclinicalnutrition.com\/pt-br\/tools\/\"]}]},{\"@type\":\"BreadcrumbList\",\"@id\":\"https:\/\/lam.unitedforclinicalnutrition.com\/pt-br\/tools\/#breadcrumb\",\"itemListElement\":[{\"@type\":\"ListItem\",\"position\":1,\"name\":\"Home\",\"item\":\"https:\/\/lam.unitedforclinicalnutrition.com\/pt-br\/\"},{\"@type\":\"ListItem\",\"position\":2,\"name\":\"Ferramentas\"}]},{\"@type\":\"WebSite\",\"@id\":\"https:\/\/lam.unitedforclinicalnutrition.com\/pt-br\/#website\",\"url\":\"https:\/\/lam.unitedforclinicalnutrition.com\/pt-br\/\",\"name\":\"Unidos pela Nutri\u00e7\u00e3o Cl\u00ednica | Brasil\",\"description\":\"\u00c9 uma iniciativa criada pela Fresenius Kabi para ajudar aos profissionais de sa\u00fade.\",\"publisher\":{\"@id\":\"https:\/\/lam.unitedforclinicalnutrition.com\/pt-br\/#organization\"},\"potentialAction\":[{\"@type\":\"SearchAction\",\"target\":{\"@type\":\"EntryPoint\",\"urlTemplate\":\"https:\/\/lam.unitedforclinicalnutrition.com\/pt-br\/?s={search_term_string}\"},\"query-input\":{\"@type\":\"PropertyValueSpecification\",\"valueRequired\":true,\"valueName\":\"search_term_string\"}}],\"inLanguage\":\"pt-BR\"},{\"@type\":\"Organization\",\"@id\":\"https:\/\/lam.unitedforclinicalnutrition.com\/pt-br\/#organization\",\"name\":\"Fresenius Kabi AG\",\"url\":\"https:\/\/lam.unitedforclinicalnutrition.com\/pt-br\/\",\"logo\":{\"@type\":\"ImageObject\",\"inLanguage\":\"pt-BR\",\"@id\":\"https:\/\/lam.unitedforclinicalnutrition.com\/pt-br\/#\/schema\/logo\/image\/\",\"url\":\"https:\/\/lam.unitedforclinicalnutrition.com\/pt-br\/wp-content\/uploads\/sites\/3\/2018\/06\/Downloads_en_0001_Logo_edit_portugues.jpg\",\"contentUrl\":\"https:\/\/lam.unitedforclinicalnutrition.com\/pt-br\/wp-content\/uploads\/sites\/3\/2018\/06\/Downloads_en_0001_Logo_edit_portugues.jpg\",\"width\":600,\"height\":400,\"caption\":\"Fresenius Kabi AG\"},\"image\":{\"@id\":\"https:\/\/lam.unitedforclinicalnutrition.com\/pt-br\/#\/schema\/logo\/image\/\"}}]}<\/script>\n<!-- \/ Yoast SEO plugin. -->","yoast_head_json":{"title":"Ferramentas - Unidos pela Nutri\u00e7\u00e3o Cl\u00ednica | Brasil","robots":{"index":"index","follow":"follow","max-snippet":"max-snippet:-1","max-image-preview":"max-image-preview:large","max-video-preview":"max-video-preview:-1"},"canonical":"https:\/\/lam.unitedforclinicalnutrition.com\/pt-br\/tools\/","og_locale":"pt_BR","og_type":"article","og_title":"Ferramentas - Unidos pela Nutri\u00e7\u00e3o Cl\u00ednica | Brasil","og_url":"https:\/\/lam.unitedforclinicalnutrition.com\/pt-br\/tools\/","og_site_name":"Unidos pela Nutri\u00e7\u00e3o Cl\u00ednica | Brasil","article_modified_time":"2021-11-10T11:25:24+00:00","og_image":[{"width":600,"height":400,"url":"https:\/\/lam.unitedforclinicalnutrition.com\/pt-br\/wp-content\/uploads\/sites\/3\/2018\/06\/Downloads_en_0001_Logo_edit_portugues.jpg","type":"image\/jpeg"}],"twitter_card":"summary_large_image","schema":{"@context":"https:\/\/schema.org","@graph":[{"@type":"WebPage","@id":"https:\/\/lam.unitedforclinicalnutrition.com\/pt-br\/tools\/","url":"https:\/\/lam.unitedforclinicalnutrition.com\/pt-br\/tools\/","name":"Ferramentas - Unidos pela Nutri\u00e7\u00e3o Cl\u00ednica | Brasil","isPartOf":{"@id":"https:\/\/lam.unitedforclinicalnutrition.com\/pt-br\/#website"},"datePublished":"2018-05-08T09:14:59+00:00","dateModified":"2021-11-10T11:25:24+00:00","breadcrumb":{"@id":"https:\/\/lam.unitedforclinicalnutrition.com\/pt-br\/tools\/#breadcrumb"},"inLanguage":"pt-BR","potentialAction":[{"@type":"ReadAction","target":["https:\/\/lam.unitedforclinicalnutrition.com\/pt-br\/tools\/"]}]},{"@type":"BreadcrumbList","@id":"https:\/\/lam.unitedforclinicalnutrition.com\/pt-br\/tools\/#breadcrumb","itemListElement":[{"@type":"ListItem","position":1,"name":"Home","item":"https:\/\/lam.unitedforclinicalnutrition.com\/pt-br\/"},{"@type":"ListItem","position":2,"name":"Ferramentas"}]},{"@type":"WebSite","@id":"https:\/\/lam.unitedforclinicalnutrition.com\/pt-br\/#website","url":"https:\/\/lam.unitedforclinicalnutrition.com\/pt-br\/","name":"Unidos pela Nutri\u00e7\u00e3o Cl\u00ednica | Brasil","description":"\u00c9 uma iniciativa criada pela Fresenius Kabi para ajudar aos profissionais de sa\u00fade.","publisher":{"@id":"https:\/\/lam.unitedforclinicalnutrition.com\/pt-br\/#organization"},"potentialAction":[{"@type":"SearchAction","target":{"@type":"EntryPoint","urlTemplate":"https:\/\/lam.unitedforclinicalnutrition.com\/pt-br\/?s={search_term_string}"},"query-input":{"@type":"PropertyValueSpecification","valueRequired":true,"valueName":"search_term_string"}}],"inLanguage":"pt-BR"},{"@type":"Organization","@id":"https:\/\/lam.unitedforclinicalnutrition.com\/pt-br\/#organization","name":"Fresenius Kabi AG","url":"https:\/\/lam.unitedforclinicalnutrition.com\/pt-br\/","logo":{"@type":"ImageObject","inLanguage":"pt-BR","@id":"https:\/\/lam.unitedforclinicalnutrition.com\/pt-br\/#\/schema\/logo\/image\/","url":"https:\/\/lam.unitedforclinicalnutrition.com\/pt-br\/wp-content\/uploads\/sites\/3\/2018\/06\/Downloads_en_0001_Logo_edit_portugues.jpg","contentUrl":"https:\/\/lam.unitedforclinicalnutrition.com\/pt-br\/wp-content\/uploads\/sites\/3\/2018\/06\/Downloads_en_0001_Logo_edit_portugues.jpg","width":600,"height":400,"caption":"Fresenius Kabi AG"},"image":{"@id":"https:\/\/lam.unitedforclinicalnutrition.com\/pt-br\/#\/schema\/logo\/image\/"}}]}},"_links":{"self":[{"href":"https:\/\/lam.unitedforclinicalnutrition.com\/pt-br\/wp-json\/wp\/v2\/pages\/144","targetHints":{"allow":["GET"]}}],"collection":[{"href":"https:\/\/lam.unitedforclinicalnutrition.com\/pt-br\/wp-json\/wp\/v2\/pages"}],"about":[{"href":"https:\/\/lam.unitedforclinicalnutrition.com\/pt-br\/wp-json\/wp\/v2\/types\/page"}],"author":[{"embeddable":true,"href":"https:\/\/lam.unitedforclinicalnutrition.com\/pt-br\/wp-json\/wp\/v2\/users\/1"}],"replies":[{"embeddable":true,"href":"https:\/\/lam.unitedforclinicalnutrition.com\/pt-br\/wp-json\/wp\/v2\/comments?post=144"}],"version-history":[{"count":0,"href":"https:\/\/lam.unitedforclinicalnutrition.com\/pt-br\/wp-json\/wp\/v2\/pages\/144\/revisions"}],"wp:attachment":[{"href":"https:\/\/lam.unitedforclinicalnutrition.com\/pt-br\/wp-json\/wp\/v2\/media?parent=144"}],"curies":[{"name":"wp","href":"https:\/\/api.w.org\/{rel}","templated":true}]}}