{"id":179,"date":"2018-05-08T16:51:06","date_gmt":"2018-05-08T16:51:06","guid":{"rendered":"https:\/\/lam.unitedforclinicalnutrition.com\/pe\/?page_id=179"},"modified":"2025-06-30T07:18:12","modified_gmt":"2025-06-30T12:18:12","slug":"aviso-legal","status":"publish","type":"page","link":"https:\/\/lam.unitedforclinicalnutrition.com\/es-pe\/aviso-legal\/","title":{"rendered":"Aviso Legal"},"content":{"rendered":"<p>Estimado usuario, le comunicamos que nuestra empresa recopila la informaci\u00f3n de nuestro sitio web con mucho cuidado y continuamente se encuentra actualiz\u00e1ndolo y ampli\u00e1ndolo.\u00a0 Sin embargo, no asumimos ninguna responsabilidad por la exactitud o integridad de los contenidos. Del mismo modo, no asumimos ninguna responsabilidad por los da\u00f1os directos, indirectos, materiales o inmateriales que puedan derivarse del uso de la informaci\u00f3n proporcionada en este sitio web, salvo que medie responsabilidad debidamente acreditada de la empresa por publicar informaci\u00f3n incorrecta de forma intencionada o con negligencia grave. Sujeto a lo anterior, el uso de la informaci\u00f3n contenida en este sitio web ser\u00e1 de responsabilidad \u00fanica y exclusiva del propio usuario.<\/p>\n<p>&nbsp;<\/p>\n<p>Informaci\u00f3n de la empresa e informaci\u00f3n de producto<\/p>\n<p>&nbsp;<\/p>\n<p>La informaci\u00f3n contenida en este sitio web no es vinculante y est\u00e1 destinada \u00fanicamente a ofrecer informaci\u00f3n general. En ning\u00fan caso sustituye el asesoramiento profesional financiero, m\u00e9dico o de otro tipo. Los usuarios no deben actuar sobre esta informaci\u00f3n sin antes buscar el asesoramiento de un profesional debidamente acreditado. Adem\u00e1s, no somos responsables por el contenido de los textos de terceros publicados en este sitio web. Los autores individuales cuyos textos sean publicados en este sitio web son responsables de sus propios trabajos. No asumimos ninguna responsabilidad por los da\u00f1os que surjan del uso de esta informaci\u00f3n.<\/p>\n<p>&nbsp;<\/p>\n<p>Los comunicados de este sitio web pueden contener declaraciones a futuro que est\u00e1n sujetas a diversos riesgos e incertidumbres. Los resultados futuros relacionados a estos comunicados podr\u00edan diferir materialmente de los descritos en estas declaraciones prospectivas debido a ciertos factores como, por ejemplo, cambios en las condiciones comerciales, econ\u00f3micas y competitivas, reformas regulatorias, resultados de ensayos cl\u00ednicos, fluctuaciones del tipo de cambio, incertidumbre en los procesos de litigio o investigaci\u00f3n y la disponibilidad de financiamiento. Fresenius Kabi Per\u00fa no asume ninguna responsabilidad de actualizar las declaraciones prospectivas en estos comunicados.<\/p>\n<p>&nbsp;<\/p>\n<p>Derechos de uso<\/p>\n<p>&nbsp;<\/p>\n<p>Fresenius Kabi Per\u00fa o sus filiales son propietarios de todos los derechos de propiedad adjuntos a la p\u00e1gina web elaborada. Todos los textos e ilustraciones est\u00e1n protegidos por derechos de autor. Puede tomar nota de la informaci\u00f3n de nuestros sitios web y cargarla en su memoria principal. En la medida en que sea posible realizar una copia impresa, esta \u00faltima se permitir\u00e1 \u00fanicamente para fines de uso exclusivamente privado; queda prohibida cualquier reproducci\u00f3n o transmisi\u00f3n a terceros de cualquier contenido protegido por derechos de propiedad intelectual o derechos de autor con fines comerciales. No se otorgar\u00e1n al usuario derechos o licencias de ning\u00fan tipo con respecto a marcas registradas, derechos de autor, patentes, etc.<\/p>\n<p>&nbsp;<\/p>\n<p>Nota de No Vinculaci\u00f3n &#8211; \u00abLeyes aplicables\u00bb<\/p>\n<p>&nbsp;<\/p>\n<p>El contenido de nuestra p\u00e1gina web est\u00e1 destinado a ser utilizado \u00fanicamente dentro del territorio peruano. Es posible que la promoci\u00f3n o la adquisici\u00f3n de productos, servicios y terapias individuales descritos en esta p\u00e1gina web &#8211; no a trav\u00e9s de esta &#8211; no est\u00e9 permitida bajo las regulaciones legales v\u00e1lidas de algunos pa\u00edses. La p\u00e1gina web no constituir\u00e1 una promoci\u00f3n de estos productos, servicios y terapias para estos pa\u00edses. Tenga en cuenta que los productos que se muestran en esta p\u00e1gina web pueden no estar disponibles en todos los pa\u00edses debido a un estado de registro diferente. Los sitios web de nuestras subsidiarias locales pueden incluir diferentes disposiciones legales y el uso de dichos sitios web estar\u00e1 sujeto a las disposiciones all\u00ed previstas.<\/p>\n<p>&nbsp;<\/p>\n<p>Cualquier reclamo o demanda legal que pueda surgir en relaci\u00f3n con este sitio web o su uso est\u00e1 sujeto a la legislaci\u00f3n peruana vigente, excluyendo las disposiciones del derecho internacional privado y la Convenci\u00f3n de las Naciones Unidas sobre Contratos para la Venta Internacional de Bienes.<\/p>\n<p>&nbsp;<\/p>\n<p>Hiperv\u00ednculos<\/p>\n<p>&nbsp;<\/p>\n<p>Tambi\u00e9n ofrecemos v\u00ednculos a sitios web externos adem\u00e1s de nuestra propia informaci\u00f3n. El contenido y el dise\u00f1o de los sitios web externos est\u00e1n fuera de nuestro control y son de responsabilidad exclusiva de sus titulares. No garantizamos que la informaci\u00f3n en los sitios web externos sea precisa o correcta. Los v\u00ednculos tampoco representan respaldo, apoyo o confirmaci\u00f3n del contenido de los sitios vinculados. Los autores individuales de los sitios vinculados son responsables de la informaci\u00f3n, opiniones y hechos presentados en sus p\u00e1ginas web. Lo mismo ocurre con los comentarios hechos en libros de visitas, formularios de discusi\u00f3n y listas de correo electr\u00f3nico. Tampoco somos responsables de la seguridad t\u00e9cnica tanto de los v\u00ednculos como de las p\u00e1ginas de destino. Por lo tanto, no somos responsables de los da\u00f1os que se produzcan por el uso de la informaci\u00f3n contenida en estos hiperv\u00ednculos o el empleo de los mismos. El usuario reconoce que acceder\u00e1 a dichos v\u00ednculos bajo su propia responsabilidad.<\/p>\n<p>&nbsp;<\/p>\n<p>Contacto y m\u00e1s informaci\u00f3n<\/p>\n<p>&nbsp;<\/p>\n<p>\u00a9 2000-2022 Fresenius Kabi Per\u00fa El contenido de este sitio web y sus subp\u00e1ginas, en particular textos, im\u00e1genes y gr\u00e1ficos, son de propiedad \u00fanica y exclusiva de su autor. Los titulares se reservan el derecho de iniciar las acciones legales que estimen pertinentes contra cualquier tipo de uso indebido o ilegal del contenido o dise\u00f1o del presente sitio web y sus subp\u00e1ginas sin la autorizaci\u00f3n de sus autores. Quedan reservados todos los derechos, incluidos los derechos de reproducci\u00f3n digital y mec\u00e1nica, as\u00ed como los derechos de publicaci\u00f3n en forma digital o mec\u00e1nica, as\u00ed como los derechos de edici\u00f3n y traducci\u00f3n.<\/p>\n<p>&nbsp;<\/p>\n<p>Fresenius Kabi Per\u00fa<\/p>\n<p>Av. Nicol\u00e1s Arriola 345, Urb. Santa Catalina<\/p>\n<p>La Victoria<\/p>\n<p>Lima 13<\/p>\n<p>Per\u00fa<\/p>\n<p>Tel\u00e9fono: +51 1 202-1616<\/p>\n<p>E-mail: laboratorio.pe@fresenius-kabi.com<\/p>\n","protected":false},"excerpt":{"rendered":"<p>Estimado usuario, le comunicamos que nuestra empresa recopila la informaci\u00f3n de nuestro sitio web con mucho cuidado y continuamente se encuentra actualiz\u00e1ndolo y ampli\u00e1ndolo.\u00a0 Sin embargo, no asumimos ninguna responsabilidad por la exactitud o integridad de los contenidos. Del mismo modo, no asumimos ninguna responsabilidad por los da\u00f1os directos, indirectos, materiales o inmateriales que puedan [&hellip;]<\/p>\n","protected":false},"author":1,"featured_media":0,"parent":0,"menu_order":10,"comment_status":"closed","ping_status":"closed","template":"","meta":{"_acf_changed":false},"class_list":["post-179","page","type-page","status-publish","hentry"],"acf":[],"yoast_head":"<!-- This site is optimized with the Yoast SEO plugin v24.5 - https:\/\/yoast.com\/wordpress\/plugins\/seo\/ -->\n<title>Aviso Legal - Unidos por la Nutrici\u00f3n Cl\u00ednica | Per\u00fa<\/title>\n<meta name=\"robots\" content=\"index, follow, max-snippet:-1, max-image-preview:large, max-video-preview:-1\" \/>\n<link rel=\"canonical\" href=\"https:\/\/lam.unitedforclinicalnutrition.com\/es-pe\/aviso-legal\/\" \/>\n<meta property=\"og:locale\" content=\"es_ES\" \/>\n<meta property=\"og:type\" content=\"article\" \/>\n<meta property=\"og:title\" content=\"Aviso Legal - Unidos por la Nutrici\u00f3n Cl\u00ednica | Per\u00fa\" \/>\n<meta property=\"og:description\" content=\"Estimado usuario, le comunicamos que nuestra empresa recopila la informaci\u00f3n de nuestro sitio web con mucho cuidado y continuamente se encuentra actualiz\u00e1ndolo y ampli\u00e1ndolo.\u00a0 Sin embargo, no asumimos ninguna responsabilidad por la exactitud o integridad de los contenidos. Del mismo modo, no asumimos ninguna responsabilidad por los da\u00f1os directos, indirectos, materiales o inmateriales que puedan [&hellip;]\" \/>\n<meta property=\"og:url\" content=\"https:\/\/lam.unitedforclinicalnutrition.com\/es-pe\/aviso-legal\/\" \/>\n<meta property=\"og:site_name\" content=\"Unidos por la Nutrici\u00f3n Cl\u00ednica | Per\u00fa\" \/>\n<meta property=\"article:modified_time\" content=\"2025-06-30T12:18:12+00:00\" \/>\n<meta property=\"og:image\" content=\"https:\/\/lam.unitedforclinicalnutrition.com\/es-pe\/wp-content\/uploads\/sites\/8\/revslider\/home_slider\/Logo_edit_english.png\" \/>\n\t<meta property=\"og:image:width\" content=\"914\" \/>\n\t<meta property=\"og:image:height\" content=\"807\" \/>\n\t<meta property=\"og:image:type\" content=\"image\/png\" \/>\n<meta name=\"twitter:card\" content=\"summary_large_image\" \/>\n<meta name=\"twitter:label1\" content=\"Est. reading time\" \/>\n\t<meta name=\"twitter:data1\" content=\"5 minutos\" \/>\n<script type=\"application\/ld+json\" class=\"yoast-schema-graph\">{\"@context\":\"https:\/\/schema.org\",\"@graph\":[{\"@type\":\"WebPage\",\"@id\":\"https:\/\/lam.unitedforclinicalnutrition.com\/es-pe\/aviso-legal\/\",\"url\":\"https:\/\/lam.unitedforclinicalnutrition.com\/es-pe\/aviso-legal\/\",\"name\":\"Aviso Legal - Unidos por la Nutrici\u00f3n Cl\u00ednica | Per\u00fa\",\"isPartOf\":{\"@id\":\"https:\/\/lam.unitedforclinicalnutrition.com\/es-pe\/#website\"},\"datePublished\":\"2018-05-08T16:51:06+00:00\",\"dateModified\":\"2025-06-30T12:18:12+00:00\",\"breadcrumb\":{\"@id\":\"https:\/\/lam.unitedforclinicalnutrition.com\/es-pe\/aviso-legal\/#breadcrumb\"},\"inLanguage\":\"es-PE\",\"potentialAction\":[{\"@type\":\"ReadAction\",\"target\":[\"https:\/\/lam.unitedforclinicalnutrition.com\/es-pe\/aviso-legal\/\"]}]},{\"@type\":\"BreadcrumbList\",\"@id\":\"https:\/\/lam.unitedforclinicalnutrition.com\/es-pe\/aviso-legal\/#breadcrumb\",\"itemListElement\":[{\"@type\":\"ListItem\",\"position\":1,\"name\":\"Home\",\"item\":\"https:\/\/lam.unitedforclinicalnutrition.com\/es-pe\/\"},{\"@type\":\"ListItem\",\"position\":2,\"name\":\"Aviso Legal\"}]},{\"@type\":\"WebSite\",\"@id\":\"https:\/\/lam.unitedforclinicalnutrition.com\/es-pe\/#website\",\"url\":\"https:\/\/lam.unitedforclinicalnutrition.com\/es-pe\/\",\"name\":\"Unidos por la Nutrici\u00f3n Cl\u00ednica | Per\u00fa\",\"description\":\"Es una iniciativa creada por Fresenius Kabi para trabajar en conjunto con los profesionales de la salud.\",\"publisher\":{\"@id\":\"https:\/\/lam.unitedforclinicalnutrition.com\/es-pe\/#organization\"},\"potentialAction\":[{\"@type\":\"SearchAction\",\"target\":{\"@type\":\"EntryPoint\",\"urlTemplate\":\"https:\/\/lam.unitedforclinicalnutrition.com\/es-pe\/?s={search_term_string}\"},\"query-input\":{\"@type\":\"PropertyValueSpecification\",\"valueRequired\":true,\"valueName\":\"search_term_string\"}}],\"inLanguage\":\"es-PE\"},{\"@type\":\"Organization\",\"@id\":\"https:\/\/lam.unitedforclinicalnutrition.com\/es-pe\/#organization\",\"name\":\"Fresenius Kabi AG\",\"url\":\"https:\/\/lam.unitedforclinicalnutrition.com\/es-pe\/\",\"logo\":{\"@type\":\"ImageObject\",\"inLanguage\":\"es-PE\",\"@id\":\"https:\/\/lam.unitedforclinicalnutrition.com\/es-pe\/#\/schema\/logo\/image\/\",\"url\":\"https:\/\/lam.unitedforclinicalnutrition.com\/es-pe\/wp-content\/uploads\/sites\/8\/revslider\/home_slider\/Logo_edit_english.png\",\"contentUrl\":\"https:\/\/lam.unitedforclinicalnutrition.com\/es-pe\/wp-content\/uploads\/sites\/8\/revslider\/home_slider\/Logo_edit_english.png\",\"width\":914,\"height\":807,\"caption\":\"Fresenius Kabi AG\"},\"image\":{\"@id\":\"https:\/\/lam.unitedforclinicalnutrition.com\/es-pe\/#\/schema\/logo\/image\/\"}}]}<\/script>\n<!-- \/ Yoast SEO plugin. -->","yoast_head_json":{"title":"Aviso Legal - Unidos por la Nutrici\u00f3n Cl\u00ednica | Per\u00fa","robots":{"index":"index","follow":"follow","max-snippet":"max-snippet:-1","max-image-preview":"max-image-preview:large","max-video-preview":"max-video-preview:-1"},"canonical":"https:\/\/lam.unitedforclinicalnutrition.com\/es-pe\/aviso-legal\/","og_locale":"es_ES","og_type":"article","og_title":"Aviso Legal - Unidos por la Nutrici\u00f3n Cl\u00ednica | Per\u00fa","og_description":"Estimado usuario, le comunicamos que nuestra empresa recopila la informaci\u00f3n de nuestro sitio web con mucho cuidado y continuamente se encuentra actualiz\u00e1ndolo y ampli\u00e1ndolo.\u00a0 Sin embargo, no asumimos ninguna responsabilidad por la exactitud o integridad de los contenidos. Del mismo modo, no asumimos ninguna responsabilidad por los da\u00f1os directos, indirectos, materiales o inmateriales que puedan [&hellip;]","og_url":"https:\/\/lam.unitedforclinicalnutrition.com\/es-pe\/aviso-legal\/","og_site_name":"Unidos por la Nutrici\u00f3n Cl\u00ednica | Per\u00fa","article_modified_time":"2025-06-30T12:18:12+00:00","og_image":[{"width":914,"height":807,"url":"https:\/\/lam.unitedforclinicalnutrition.com\/es-pe\/wp-content\/uploads\/sites\/8\/revslider\/home_slider\/Logo_edit_english.png","type":"image\/png"}],"twitter_card":"summary_large_image","twitter_misc":{"Est. reading time":"5 minutos"},"schema":{"@context":"https:\/\/schema.org","@graph":[{"@type":"WebPage","@id":"https:\/\/lam.unitedforclinicalnutrition.com\/es-pe\/aviso-legal\/","url":"https:\/\/lam.unitedforclinicalnutrition.com\/es-pe\/aviso-legal\/","name":"Aviso Legal - Unidos por la Nutrici\u00f3n Cl\u00ednica | Per\u00fa","isPartOf":{"@id":"https:\/\/lam.unitedforclinicalnutrition.com\/es-pe\/#website"},"datePublished":"2018-05-08T16:51:06+00:00","dateModified":"2025-06-30T12:18:12+00:00","breadcrumb":{"@id":"https:\/\/lam.unitedforclinicalnutrition.com\/es-pe\/aviso-legal\/#breadcrumb"},"inLanguage":"es-PE","potentialAction":[{"@type":"ReadAction","target":["https:\/\/lam.unitedforclinicalnutrition.com\/es-pe\/aviso-legal\/"]}]},{"@type":"BreadcrumbList","@id":"https:\/\/lam.unitedforclinicalnutrition.com\/es-pe\/aviso-legal\/#breadcrumb","itemListElement":[{"@type":"ListItem","position":1,"name":"Home","item":"https:\/\/lam.unitedforclinicalnutrition.com\/es-pe\/"},{"@type":"ListItem","position":2,"name":"Aviso Legal"}]},{"@type":"WebSite","@id":"https:\/\/lam.unitedforclinicalnutrition.com\/es-pe\/#website","url":"https:\/\/lam.unitedforclinicalnutrition.com\/es-pe\/","name":"Unidos por la Nutrici\u00f3n Cl\u00ednica | Per\u00fa","description":"Es una iniciativa creada por Fresenius Kabi para trabajar en conjunto con los profesionales de la salud.","publisher":{"@id":"https:\/\/lam.unitedforclinicalnutrition.com\/es-pe\/#organization"},"potentialAction":[{"@type":"SearchAction","target":{"@type":"EntryPoint","urlTemplate":"https:\/\/lam.unitedforclinicalnutrition.com\/es-pe\/?s={search_term_string}"},"query-input":{"@type":"PropertyValueSpecification","valueRequired":true,"valueName":"search_term_string"}}],"inLanguage":"es-PE"},{"@type":"Organization","@id":"https:\/\/lam.unitedforclinicalnutrition.com\/es-pe\/#organization","name":"Fresenius Kabi AG","url":"https:\/\/lam.unitedforclinicalnutrition.com\/es-pe\/","logo":{"@type":"ImageObject","inLanguage":"es-PE","@id":"https:\/\/lam.unitedforclinicalnutrition.com\/es-pe\/#\/schema\/logo\/image\/","url":"https:\/\/lam.unitedforclinicalnutrition.com\/es-pe\/wp-content\/uploads\/sites\/8\/revslider\/home_slider\/Logo_edit_english.png","contentUrl":"https:\/\/lam.unitedforclinicalnutrition.com\/es-pe\/wp-content\/uploads\/sites\/8\/revslider\/home_slider\/Logo_edit_english.png","width":914,"height":807,"caption":"Fresenius Kabi AG"},"image":{"@id":"https:\/\/lam.unitedforclinicalnutrition.com\/es-pe\/#\/schema\/logo\/image\/"}}]}},"_links":{"self":[{"href":"https:\/\/lam.unitedforclinicalnutrition.com\/es-pe\/wp-json\/wp\/v2\/pages\/179","targetHints":{"allow":["GET"]}}],"collection":[{"href":"https:\/\/lam.unitedforclinicalnutrition.com\/es-pe\/wp-json\/wp\/v2\/pages"}],"about":[{"href":"https:\/\/lam.unitedforclinicalnutrition.com\/es-pe\/wp-json\/wp\/v2\/types\/page"}],"author":[{"embeddable":true,"href":"https:\/\/lam.unitedforclinicalnutrition.com\/es-pe\/wp-json\/wp\/v2\/users\/1"}],"replies":[{"embeddable":true,"href":"https:\/\/lam.unitedforclinicalnutrition.com\/es-pe\/wp-json\/wp\/v2\/comments?post=179"}],"version-history":[{"count":0,"href":"https:\/\/lam.unitedforclinicalnutrition.com\/es-pe\/wp-json\/wp\/v2\/pages\/179\/revisions"}],"wp:attachment":[{"href":"https:\/\/lam.unitedforclinicalnutrition.com\/es-pe\/wp-json\/wp\/v2\/media?parent=179"}],"curies":[{"name":"wp","href":"https:\/\/api.w.org\/{rel}","templated":true}]}}