{"id":1648,"date":"2020-12-08T00:06:00","date_gmt":"2020-12-08T00:06:00","guid":{"rendered":"https:\/\/lam.unitedforclinicalnutrition.com\/es-mx\/?page_id=1648"},"modified":"2021-02-24T18:55:25","modified_gmt":"2021-02-24T18:55:25","slug":"revista-nutricion-clinica","status":"publish","type":"page","link":"https:\/\/lam.unitedforclinicalnutrition.com\/es-mx\/revista-nutricion-clinica\/","title":{"rendered":"Revista Nutrici\u00f3n Cl\u00ednica"},"content":{"rendered":"<figure id=\"attachment_1649\" aria-describedby=\"caption-attachment-1649\" style=\"width: 300px\" class=\"wp-caption aligncenter\"><a href=\"https:\/\/bit.ly\/REVISTA-NC-TAMIZAJE-FK\" target=\"_blank\" rel=\"noopener noreferrer\"><img loading=\"lazy\" decoding=\"async\" class=\"wp-image-1649 size-medium\" src=\"https:\/\/lam.unitedforclinicalnutrition.com\/es-mx\/wp-content\/uploads\/sites\/5\/2020\/12\/RevistaNutricionClinica-300x300.jpeg\" alt=\"Revista Nutrici\u00f3n Cl\u00ednica Tomo I\" width=\"300\" height=\"300\" srcset=\"https:\/\/lam.unitedforclinicalnutrition.com\/es-mx\/wp-content\/uploads\/sites\/5\/2020\/12\/RevistaNutricionClinica-300x300.jpeg 300w, https:\/\/lam.unitedforclinicalnutrition.com\/es-mx\/wp-content\/uploads\/sites\/5\/2020\/12\/RevistaNutricionClinica-1024x1021.jpeg 1024w, https:\/\/lam.unitedforclinicalnutrition.com\/es-mx\/wp-content\/uploads\/sites\/5\/2020\/12\/RevistaNutricionClinica-150x150.jpeg 150w, https:\/\/lam.unitedforclinicalnutrition.com\/es-mx\/wp-content\/uploads\/sites\/5\/2020\/12\/RevistaNutricionClinica-768x766.jpeg 768w, https:\/\/lam.unitedforclinicalnutrition.com\/es-mx\/wp-content\/uploads\/sites\/5\/2020\/12\/RevistaNutricionClinica-376x375.jpeg 376w, https:\/\/lam.unitedforclinicalnutrition.com\/es-mx\/wp-content\/uploads\/sites\/5\/2020\/12\/RevistaNutricionClinica.jpeg 1280w\" sizes=\"auto, (max-width: 300px) 100vw, 300px\" \/><\/a><figcaption id=\"caption-attachment-1649\" class=\"wp-caption-text\">Revista Nutrici\u00f3n Cl\u00ednica Tomo I<\/figcaption><\/figure>\n<p>&nbsp;<\/p>\n<figure id=\"attachment_1652\" aria-describedby=\"caption-attachment-1652\" style=\"width: 300px\" class=\"wp-caption aligncenter\"><a href=\"https:\/\/bit.ly\/REVISTA-NC-TRATAMIENTOINTEGRALDELPACIENTE-FK\" target=\"_blank\" rel=\"noopener noreferrer\"><img loading=\"lazy\" decoding=\"async\" class=\"wp-image-1652 size-medium\" title=\"Revista Nutrici\u00f3n Cl\u00ednica Tomo II\" src=\"https:\/\/lam.unitedforclinicalnutrition.com\/es-mx\/wp-content\/uploads\/sites\/5\/2020\/12\/RevistaNutricionClinicaTomo2-300x300.jpeg\" alt=\"Revista Nutrici\u00f3n Cl\u00ednica Tomo II\" width=\"300\" height=\"300\" srcset=\"https:\/\/lam.unitedforclinicalnutrition.com\/es-mx\/wp-content\/uploads\/sites\/5\/2020\/12\/RevistaNutricionClinicaTomo2-300x300.jpeg 300w, https:\/\/lam.unitedforclinicalnutrition.com\/es-mx\/wp-content\/uploads\/sites\/5\/2020\/12\/RevistaNutricionClinicaTomo2-1024x1022.jpeg 1024w, https:\/\/lam.unitedforclinicalnutrition.com\/es-mx\/wp-content\/uploads\/sites\/5\/2020\/12\/RevistaNutricionClinicaTomo2-150x150.jpeg 150w, https:\/\/lam.unitedforclinicalnutrition.com\/es-mx\/wp-content\/uploads\/sites\/5\/2020\/12\/RevistaNutricionClinicaTomo2-768x767.jpeg 768w, https:\/\/lam.unitedforclinicalnutrition.com\/es-mx\/wp-content\/uploads\/sites\/5\/2020\/12\/RevistaNutricionClinicaTomo2-376x375.jpeg 376w, https:\/\/lam.unitedforclinicalnutrition.com\/es-mx\/wp-content\/uploads\/sites\/5\/2020\/12\/RevistaNutricionClinicaTomo2.jpeg 1280w\" sizes=\"auto, (max-width: 300px) 100vw, 300px\" \/><\/a><figcaption id=\"caption-attachment-1652\" class=\"wp-caption-text\">Revista Nutrici\u00f3n Cl\u00ednica Tomo II<\/figcaption><\/figure>\n<p>&nbsp;<\/p>\n<figure id=\"attachment_1653\" aria-describedby=\"caption-attachment-1653\" style=\"width: 300px\" class=\"wp-caption aligncenter\"><a href=\"https:\/\/bit.ly\/3sDiQiU\" target=\"_blank\" rel=\"noopener noreferrer\"><img loading=\"lazy\" decoding=\"async\" class=\"wp-image-1653 size-medium\" src=\"https:\/\/lam.unitedforclinicalnutrition.com\/es-mx\/wp-content\/uploads\/sites\/5\/2021\/01\/RevistaNutricionClinicaTomo3-300x300.jpg\" alt=\"Revista Nutrici\u00f3n Cl\u00ednica Tomo III\" width=\"300\" height=\"300\" srcset=\"https:\/\/lam.unitedforclinicalnutrition.com\/es-mx\/wp-content\/uploads\/sites\/5\/2021\/01\/RevistaNutricionClinicaTomo3-300x300.jpg 300w, https:\/\/lam.unitedforclinicalnutrition.com\/es-mx\/wp-content\/uploads\/sites\/5\/2021\/01\/RevistaNutricionClinicaTomo3-150x150.jpg 150w, https:\/\/lam.unitedforclinicalnutrition.com\/es-mx\/wp-content\/uploads\/sites\/5\/2021\/01\/RevistaNutricionClinicaTomo3-375x375.jpg 375w, https:\/\/lam.unitedforclinicalnutrition.com\/es-mx\/wp-content\/uploads\/sites\/5\/2021\/01\/RevistaNutricionClinicaTomo3.jpg 578w\" sizes=\"auto, (max-width: 300px) 100vw, 300px\" \/><\/a><figcaption id=\"caption-attachment-1653\" class=\"wp-caption-text\">Revista Nutrici\u00f3n Cl\u00ednica Tomo III<\/figcaption><\/figure>\n<p>&nbsp;<\/p>\n<figure id=\"attachment_1659\" aria-describedby=\"caption-attachment-1659\" style=\"width: 300px\" class=\"wp-caption aligncenter\"><a href=\"http:\/\/bit.ly\/REVISTA-NUTRICION-TOMO-4\"><img loading=\"lazy\" decoding=\"async\" class=\"wp-image-1659 size-medium\" src=\"https:\/\/lam.unitedforclinicalnutrition.com\/es-mx\/wp-content\/uploads\/sites\/5\/2021\/02\/RevistaDigitalTomo4-300x300.jpeg\" alt=\"Revista Nutrici\u00f3n Cl\u00ednica Tomo IV\" width=\"300\" height=\"300\" srcset=\"https:\/\/lam.unitedforclinicalnutrition.com\/es-mx\/wp-content\/uploads\/sites\/5\/2021\/02\/RevistaDigitalTomo4-300x300.jpeg 300w, https:\/\/lam.unitedforclinicalnutrition.com\/es-mx\/wp-content\/uploads\/sites\/5\/2021\/02\/RevistaDigitalTomo4-1022x1024.jpeg 1022w, https:\/\/lam.unitedforclinicalnutrition.com\/es-mx\/wp-content\/uploads\/sites\/5\/2021\/02\/RevistaDigitalTomo4-150x150.jpeg 150w, https:\/\/lam.unitedforclinicalnutrition.com\/es-mx\/wp-content\/uploads\/sites\/5\/2021\/02\/RevistaDigitalTomo4-768x769.jpeg 768w, https:\/\/lam.unitedforclinicalnutrition.com\/es-mx\/wp-content\/uploads\/sites\/5\/2021\/02\/RevistaDigitalTomo4-374x375.jpeg 374w, https:\/\/lam.unitedforclinicalnutrition.com\/es-mx\/wp-content\/uploads\/sites\/5\/2021\/02\/RevistaDigitalTomo4.jpeg 1278w\" sizes=\"auto, (max-width: 300px) 100vw, 300px\" \/><\/a><figcaption id=\"caption-attachment-1659\" class=\"wp-caption-text\">Revista Nutrici\u00f3n Cl\u00ednica Tomo IV<\/figcaption><\/figure>\n","protected":false},"excerpt":{"rendered":"<p>&nbsp; &nbsp; &nbsp;<\/p>\n","protected":false},"author":4252,"featured_media":0,"parent":0,"menu_order":0,"comment_status":"closed","ping_status":"closed","template":"","meta":{"_acf_changed":false},"class_list":["post-1648","page","type-page","status-publish","hentry"],"acf":[],"yoast_head":"<!-- This site is optimized with the Yoast SEO plugin v24.5 - https:\/\/yoast.com\/wordpress\/plugins\/seo\/ -->\n<title>Revista Nutrici\u00f3n Cl\u00ednica - Unidos por la Nutrici\u00f3n Cl\u00ednica | M\u00e9xico<\/title>\n<meta name=\"robots\" content=\"index, follow, max-snippet:-1, max-image-preview:large, max-video-preview:-1\" \/>\n<link rel=\"canonical\" href=\"https:\/\/lam.unitedforclinicalnutrition.com\/es-mx\/revista-nutricion-clinica\/\" \/>\n<meta property=\"og:locale\" content=\"es_MX\" \/>\n<meta property=\"og:type\" content=\"article\" \/>\n<meta property=\"og:title\" content=\"Revista Nutrici\u00f3n Cl\u00ednica - Unidos por la Nutrici\u00f3n Cl\u00ednica | M\u00e9xico\" \/>\n<meta property=\"og:description\" content=\"&nbsp; &nbsp; &nbsp;\" \/>\n<meta property=\"og:url\" content=\"https:\/\/lam.unitedforclinicalnutrition.com\/es-mx\/revista-nutricion-clinica\/\" \/>\n<meta property=\"og:site_name\" content=\"Unidos por la Nutrici\u00f3n Cl\u00ednica | M\u00e9xico\" \/>\n<meta property=\"article:modified_time\" content=\"2021-02-24T18:55:25+00:00\" \/>\n<meta property=\"og:image\" content=\"https:\/\/lam.unitedforclinicalnutrition.com\/es-mx\/wp-content\/uploads\/sites\/5\/2020\/12\/RevistaNutricionClinica-300x300.jpeg\" \/>\n<meta name=\"twitter:card\" content=\"summary_large_image\" \/>\n<script type=\"application\/ld+json\" class=\"yoast-schema-graph\">{\"@context\":\"https:\/\/schema.org\",\"@graph\":[{\"@type\":\"WebPage\",\"@id\":\"https:\/\/lam.unitedforclinicalnutrition.com\/es-mx\/revista-nutricion-clinica\/\",\"url\":\"https:\/\/lam.unitedforclinicalnutrition.com\/es-mx\/revista-nutricion-clinica\/\",\"name\":\"Revista Nutrici\u00f3n Cl\u00ednica - Unidos por la Nutrici\u00f3n Cl\u00ednica | M\u00e9xico\",\"isPartOf\":{\"@id\":\"https:\/\/lam.unitedforclinicalnutrition.com\/es-mx\/#website\"},\"primaryImageOfPage\":{\"@id\":\"https:\/\/lam.unitedforclinicalnutrition.com\/es-mx\/revista-nutricion-clinica\/#primaryimage\"},\"image\":{\"@id\":\"https:\/\/lam.unitedforclinicalnutrition.com\/es-mx\/revista-nutricion-clinica\/#primaryimage\"},\"thumbnailUrl\":\"https:\/\/lam.unitedforclinicalnutrition.com\/es-mx\/wp-content\/uploads\/sites\/5\/2020\/12\/RevistaNutricionClinica-300x300.jpeg\",\"datePublished\":\"2020-12-08T00:06:00+00:00\",\"dateModified\":\"2021-02-24T18:55:25+00:00\",\"breadcrumb\":{\"@id\":\"https:\/\/lam.unitedforclinicalnutrition.com\/es-mx\/revista-nutricion-clinica\/#breadcrumb\"},\"inLanguage\":\"es\",\"potentialAction\":[{\"@type\":\"ReadAction\",\"target\":[\"https:\/\/lam.unitedforclinicalnutrition.com\/es-mx\/revista-nutricion-clinica\/\"]}]},{\"@type\":\"ImageObject\",\"inLanguage\":\"es\",\"@id\":\"https:\/\/lam.unitedforclinicalnutrition.com\/es-mx\/revista-nutricion-clinica\/#primaryimage\",\"url\":\"https:\/\/lam.unitedforclinicalnutrition.com\/es-mx\/wp-content\/uploads\/sites\/5\/2020\/12\/RevistaNutricionClinica.jpeg\",\"contentUrl\":\"https:\/\/lam.unitedforclinicalnutrition.com\/es-mx\/wp-content\/uploads\/sites\/5\/2020\/12\/RevistaNutricionClinica.jpeg\",\"width\":1280,\"height\":1276,\"caption\":\"Revista Nutrici\u00f3n Cl\u00ednica\"},{\"@type\":\"BreadcrumbList\",\"@id\":\"https:\/\/lam.unitedforclinicalnutrition.com\/es-mx\/revista-nutricion-clinica\/#breadcrumb\",\"itemListElement\":[{\"@type\":\"ListItem\",\"position\":1,\"name\":\"Home\",\"item\":\"https:\/\/lam.unitedforclinicalnutrition.com\/es-mx\/\"},{\"@type\":\"ListItem\",\"position\":2,\"name\":\"Revista Nutrici\u00f3n Cl\u00ednica\"}]},{\"@type\":\"WebSite\",\"@id\":\"https:\/\/lam.unitedforclinicalnutrition.com\/es-mx\/#website\",\"url\":\"https:\/\/lam.unitedforclinicalnutrition.com\/es-mx\/\",\"name\":\"Unidos por la Nutrici\u00f3n Cl\u00ednica | M\u00e9xico\",\"description\":\"Es una iniciativa creada por Fresenius Kabi para trabajar en conjunto con los profesionales de la salud.\",\"publisher\":{\"@id\":\"https:\/\/lam.unitedforclinicalnutrition.com\/es-mx\/#organization\"},\"potentialAction\":[{\"@type\":\"SearchAction\",\"target\":{\"@type\":\"EntryPoint\",\"urlTemplate\":\"https:\/\/lam.unitedforclinicalnutrition.com\/es-mx\/?s={search_term_string}\"},\"query-input\":{\"@type\":\"PropertyValueSpecification\",\"valueRequired\":true,\"valueName\":\"search_term_string\"}}],\"inLanguage\":\"es\"},{\"@type\":\"Organization\",\"@id\":\"https:\/\/lam.unitedforclinicalnutrition.com\/es-mx\/#organization\",\"name\":\"Fresenius Kabi AG\",\"url\":\"https:\/\/lam.unitedforclinicalnutrition.com\/es-mx\/\",\"logo\":{\"@type\":\"ImageObject\",\"inLanguage\":\"es\",\"@id\":\"https:\/\/lam.unitedforclinicalnutrition.com\/es-mx\/#\/schema\/logo\/image\/\",\"url\":\"https:\/\/lam.unitedforclinicalnutrition.com\/es-mx\/wp-content\/uploads\/sites\/5\/2018\/05\/Downloads_en_0000_Logo_edit_spanish.jpg\",\"contentUrl\":\"https:\/\/lam.unitedforclinicalnutrition.com\/es-mx\/wp-content\/uploads\/sites\/5\/2018\/05\/Downloads_en_0000_Logo_edit_spanish.jpg\",\"width\":600,\"height\":400,\"caption\":\"Fresenius Kabi AG\"},\"image\":{\"@id\":\"https:\/\/lam.unitedforclinicalnutrition.com\/es-mx\/#\/schema\/logo\/image\/\"}}]}<\/script>\n<!-- \/ Yoast SEO plugin. -->","yoast_head_json":{"title":"Revista Nutrici\u00f3n Cl\u00ednica - Unidos por la Nutrici\u00f3n Cl\u00ednica | M\u00e9xico","robots":{"index":"index","follow":"follow","max-snippet":"max-snippet:-1","max-image-preview":"max-image-preview:large","max-video-preview":"max-video-preview:-1"},"canonical":"https:\/\/lam.unitedforclinicalnutrition.com\/es-mx\/revista-nutricion-clinica\/","og_locale":"es_MX","og_type":"article","og_title":"Revista Nutrici\u00f3n Cl\u00ednica - Unidos por la Nutrici\u00f3n Cl\u00ednica | M\u00e9xico","og_description":"&nbsp; &nbsp; &nbsp;","og_url":"https:\/\/lam.unitedforclinicalnutrition.com\/es-mx\/revista-nutricion-clinica\/","og_site_name":"Unidos por la Nutrici\u00f3n Cl\u00ednica | M\u00e9xico","article_modified_time":"2021-02-24T18:55:25+00:00","og_image":[{"url":"https:\/\/lam.unitedforclinicalnutrition.com\/es-mx\/wp-content\/uploads\/sites\/5\/2020\/12\/RevistaNutricionClinica-300x300.jpeg","type":"","width":"","height":""}],"twitter_card":"summary_large_image","schema":{"@context":"https:\/\/schema.org","@graph":[{"@type":"WebPage","@id":"https:\/\/lam.unitedforclinicalnutrition.com\/es-mx\/revista-nutricion-clinica\/","url":"https:\/\/lam.unitedforclinicalnutrition.com\/es-mx\/revista-nutricion-clinica\/","name":"Revista Nutrici\u00f3n Cl\u00ednica - Unidos por la Nutrici\u00f3n Cl\u00ednica | M\u00e9xico","isPartOf":{"@id":"https:\/\/lam.unitedforclinicalnutrition.com\/es-mx\/#website"},"primaryImageOfPage":{"@id":"https:\/\/lam.unitedforclinicalnutrition.com\/es-mx\/revista-nutricion-clinica\/#primaryimage"},"image":{"@id":"https:\/\/lam.unitedforclinicalnutrition.com\/es-mx\/revista-nutricion-clinica\/#primaryimage"},"thumbnailUrl":"https:\/\/lam.unitedforclinicalnutrition.com\/es-mx\/wp-content\/uploads\/sites\/5\/2020\/12\/RevistaNutricionClinica-300x300.jpeg","datePublished":"2020-12-08T00:06:00+00:00","dateModified":"2021-02-24T18:55:25+00:00","breadcrumb":{"@id":"https:\/\/lam.unitedforclinicalnutrition.com\/es-mx\/revista-nutricion-clinica\/#breadcrumb"},"inLanguage":"es","potentialAction":[{"@type":"ReadAction","target":["https:\/\/lam.unitedforclinicalnutrition.com\/es-mx\/revista-nutricion-clinica\/"]}]},{"@type":"ImageObject","inLanguage":"es","@id":"https:\/\/lam.unitedforclinicalnutrition.com\/es-mx\/revista-nutricion-clinica\/#primaryimage","url":"https:\/\/lam.unitedforclinicalnutrition.com\/es-mx\/wp-content\/uploads\/sites\/5\/2020\/12\/RevistaNutricionClinica.jpeg","contentUrl":"https:\/\/lam.unitedforclinicalnutrition.com\/es-mx\/wp-content\/uploads\/sites\/5\/2020\/12\/RevistaNutricionClinica.jpeg","width":1280,"height":1276,"caption":"Revista Nutrici\u00f3n Cl\u00ednica"},{"@type":"BreadcrumbList","@id":"https:\/\/lam.unitedforclinicalnutrition.com\/es-mx\/revista-nutricion-clinica\/#breadcrumb","itemListElement":[{"@type":"ListItem","position":1,"name":"Home","item":"https:\/\/lam.unitedforclinicalnutrition.com\/es-mx\/"},{"@type":"ListItem","position":2,"name":"Revista Nutrici\u00f3n Cl\u00ednica"}]},{"@type":"WebSite","@id":"https:\/\/lam.unitedforclinicalnutrition.com\/es-mx\/#website","url":"https:\/\/lam.unitedforclinicalnutrition.com\/es-mx\/","name":"Unidos por la Nutrici\u00f3n Cl\u00ednica | M\u00e9xico","description":"Es una iniciativa creada por Fresenius Kabi para trabajar en conjunto con los profesionales de la salud.","publisher":{"@id":"https:\/\/lam.unitedforclinicalnutrition.com\/es-mx\/#organization"},"potentialAction":[{"@type":"SearchAction","target":{"@type":"EntryPoint","urlTemplate":"https:\/\/lam.unitedforclinicalnutrition.com\/es-mx\/?s={search_term_string}"},"query-input":{"@type":"PropertyValueSpecification","valueRequired":true,"valueName":"search_term_string"}}],"inLanguage":"es"},{"@type":"Organization","@id":"https:\/\/lam.unitedforclinicalnutrition.com\/es-mx\/#organization","name":"Fresenius Kabi AG","url":"https:\/\/lam.unitedforclinicalnutrition.com\/es-mx\/","logo":{"@type":"ImageObject","inLanguage":"es","@id":"https:\/\/lam.unitedforclinicalnutrition.com\/es-mx\/#\/schema\/logo\/image\/","url":"https:\/\/lam.unitedforclinicalnutrition.com\/es-mx\/wp-content\/uploads\/sites\/5\/2018\/05\/Downloads_en_0000_Logo_edit_spanish.jpg","contentUrl":"https:\/\/lam.unitedforclinicalnutrition.com\/es-mx\/wp-content\/uploads\/sites\/5\/2018\/05\/Downloads_en_0000_Logo_edit_spanish.jpg","width":600,"height":400,"caption":"Fresenius Kabi AG"},"image":{"@id":"https:\/\/lam.unitedforclinicalnutrition.com\/es-mx\/#\/schema\/logo\/image\/"}}]}},"_links":{"self":[{"href":"https:\/\/lam.unitedforclinicalnutrition.com\/es-mx\/wp-json\/wp\/v2\/pages\/1648","targetHints":{"allow":["GET"]}}],"collection":[{"href":"https:\/\/lam.unitedforclinicalnutrition.com\/es-mx\/wp-json\/wp\/v2\/pages"}],"about":[{"href":"https:\/\/lam.unitedforclinicalnutrition.com\/es-mx\/wp-json\/wp\/v2\/types\/page"}],"author":[{"embeddable":true,"href":"https:\/\/lam.unitedforclinicalnutrition.com\/es-mx\/wp-json\/wp\/v2\/users\/4252"}],"replies":[{"embeddable":true,"href":"https:\/\/lam.unitedforclinicalnutrition.com\/es-mx\/wp-json\/wp\/v2\/comments?post=1648"}],"version-history":[{"count":0,"href":"https:\/\/lam.unitedforclinicalnutrition.com\/es-mx\/wp-json\/wp\/v2\/pages\/1648\/revisions"}],"wp:attachment":[{"href":"https:\/\/lam.unitedforclinicalnutrition.com\/es-mx\/wp-json\/wp\/v2\/media?parent=1648"}],"curies":[{"name":"wp","href":"https:\/\/api.w.org\/{rel}","templated":true}]}}