{"id":149,"date":"2018-05-08T11:49:52","date_gmt":"2018-05-08T11:49:52","guid":{"rendered":"https:\/\/lam.unitedforclinicalnutrition.com\/mx\/?page_id=149"},"modified":"2021-11-10T15:40:22","modified_gmt":"2021-11-10T15:40:22","slug":"sitemap","status":"publish","type":"page","link":"https:\/\/lam.unitedforclinicalnutrition.com\/es-mx\/sitemap\/","title":{"rendered":"Mapa del sitio"},"content":{"rendered":"","protected":false},"excerpt":{"rendered":"","protected":false},"author":1,"featured_media":0,"parent":0,"menu_order":9,"comment_status":"closed","ping_status":"closed","template":"template-sitemap.php","meta":{"_acf_changed":false},"class_list":["post-149","page","type-page","status-publish","hentry"],"acf":[],"yoast_head":"<!-- This site is optimized with the Yoast SEO plugin v24.5 - https:\/\/yoast.com\/wordpress\/plugins\/seo\/ -->\n<title>Mapa del sitio - Unidos por la Nutrici\u00f3n Cl\u00ednica | M\u00e9xico<\/title>\n<meta name=\"robots\" content=\"index, follow, max-snippet:-1, max-image-preview:large, max-video-preview:-1\" \/>\n<link rel=\"canonical\" href=\"https:\/\/lam.unitedforclinicalnutrition.com\/es-mx\/sitemap\/\" \/>\n<meta property=\"og:locale\" content=\"es_MX\" \/>\n<meta property=\"og:type\" content=\"article\" \/>\n<meta property=\"og:title\" content=\"Mapa del sitio - Unidos por la Nutrici\u00f3n Cl\u00ednica | M\u00e9xico\" \/>\n<meta property=\"og:url\" content=\"https:\/\/lam.unitedforclinicalnutrition.com\/es-mx\/sitemap\/\" \/>\n<meta property=\"og:site_name\" content=\"Unidos por la Nutrici\u00f3n Cl\u00ednica | M\u00e9xico\" \/>\n<meta property=\"article:modified_time\" content=\"2021-11-10T15:40:22+00:00\" \/>\n<meta property=\"og:image\" content=\"https:\/\/lam.unitedforclinicalnutrition.com\/es-mx\/wp-content\/uploads\/sites\/5\/2018\/05\/Downloads_en_0000_Logo_edit_spanish.jpg\" \/>\n\t<meta property=\"og:image:width\" content=\"600\" \/>\n\t<meta property=\"og:image:height\" content=\"400\" \/>\n\t<meta property=\"og:image:type\" content=\"image\/jpeg\" \/>\n<meta name=\"twitter:card\" content=\"summary_large_image\" \/>\n<script type=\"application\/ld+json\" class=\"yoast-schema-graph\">{\"@context\":\"https:\/\/schema.org\",\"@graph\":[{\"@type\":\"WebPage\",\"@id\":\"https:\/\/lam.unitedforclinicalnutrition.com\/es-mx\/sitemap\/\",\"url\":\"https:\/\/lam.unitedforclinicalnutrition.com\/es-mx\/sitemap\/\",\"name\":\"Mapa del sitio - Unidos por la Nutrici\u00f3n Cl\u00ednica | M\u00e9xico\",\"isPartOf\":{\"@id\":\"https:\/\/lam.unitedforclinicalnutrition.com\/es-mx\/#website\"},\"datePublished\":\"2018-05-08T11:49:52+00:00\",\"dateModified\":\"2021-11-10T15:40:22+00:00\",\"breadcrumb\":{\"@id\":\"https:\/\/lam.unitedforclinicalnutrition.com\/es-mx\/sitemap\/#breadcrumb\"},\"inLanguage\":\"es\",\"potentialAction\":[{\"@type\":\"ReadAction\",\"target\":[\"https:\/\/lam.unitedforclinicalnutrition.com\/es-mx\/sitemap\/\"]}]},{\"@type\":\"BreadcrumbList\",\"@id\":\"https:\/\/lam.unitedforclinicalnutrition.com\/es-mx\/sitemap\/#breadcrumb\",\"itemListElement\":[{\"@type\":\"ListItem\",\"position\":1,\"name\":\"Home\",\"item\":\"https:\/\/lam.unitedforclinicalnutrition.com\/es-mx\/\"},{\"@type\":\"ListItem\",\"position\":2,\"name\":\"Mapa del sitio\"}]},{\"@type\":\"WebSite\",\"@id\":\"https:\/\/lam.unitedforclinicalnutrition.com\/es-mx\/#website\",\"url\":\"https:\/\/lam.unitedforclinicalnutrition.com\/es-mx\/\",\"name\":\"Unidos por la Nutrici\u00f3n Cl\u00ednica | M\u00e9xico\",\"description\":\"Es una iniciativa creada por Fresenius Kabi para trabajar en conjunto con los profesionales de la salud.\",\"publisher\":{\"@id\":\"https:\/\/lam.unitedforclinicalnutrition.com\/es-mx\/#organization\"},\"potentialAction\":[{\"@type\":\"SearchAction\",\"target\":{\"@type\":\"EntryPoint\",\"urlTemplate\":\"https:\/\/lam.unitedforclinicalnutrition.com\/es-mx\/?s={search_term_string}\"},\"query-input\":{\"@type\":\"PropertyValueSpecification\",\"valueRequired\":true,\"valueName\":\"search_term_string\"}}],\"inLanguage\":\"es\"},{\"@type\":\"Organization\",\"@id\":\"https:\/\/lam.unitedforclinicalnutrition.com\/es-mx\/#organization\",\"name\":\"Fresenius Kabi AG\",\"url\":\"https:\/\/lam.unitedforclinicalnutrition.com\/es-mx\/\",\"logo\":{\"@type\":\"ImageObject\",\"inLanguage\":\"es\",\"@id\":\"https:\/\/lam.unitedforclinicalnutrition.com\/es-mx\/#\/schema\/logo\/image\/\",\"url\":\"https:\/\/lam.unitedforclinicalnutrition.com\/es-mx\/wp-content\/uploads\/sites\/5\/2018\/05\/Downloads_en_0000_Logo_edit_spanish.jpg\",\"contentUrl\":\"https:\/\/lam.unitedforclinicalnutrition.com\/es-mx\/wp-content\/uploads\/sites\/5\/2018\/05\/Downloads_en_0000_Logo_edit_spanish.jpg\",\"width\":600,\"height\":400,\"caption\":\"Fresenius Kabi AG\"},\"image\":{\"@id\":\"https:\/\/lam.unitedforclinicalnutrition.com\/es-mx\/#\/schema\/logo\/image\/\"}}]}<\/script>\n<!-- \/ Yoast SEO plugin. -->","yoast_head_json":{"title":"Mapa del sitio - Unidos por la Nutrici\u00f3n Cl\u00ednica | M\u00e9xico","robots":{"index":"index","follow":"follow","max-snippet":"max-snippet:-1","max-image-preview":"max-image-preview:large","max-video-preview":"max-video-preview:-1"},"canonical":"https:\/\/lam.unitedforclinicalnutrition.com\/es-mx\/sitemap\/","og_locale":"es_MX","og_type":"article","og_title":"Mapa del sitio - Unidos por la Nutrici\u00f3n Cl\u00ednica | M\u00e9xico","og_url":"https:\/\/lam.unitedforclinicalnutrition.com\/es-mx\/sitemap\/","og_site_name":"Unidos por la Nutrici\u00f3n Cl\u00ednica | M\u00e9xico","article_modified_time":"2021-11-10T15:40:22+00:00","og_image":[{"width":600,"height":400,"url":"https:\/\/lam.unitedforclinicalnutrition.com\/es-mx\/wp-content\/uploads\/sites\/5\/2018\/05\/Downloads_en_0000_Logo_edit_spanish.jpg","type":"image\/jpeg"}],"twitter_card":"summary_large_image","schema":{"@context":"https:\/\/schema.org","@graph":[{"@type":"WebPage","@id":"https:\/\/lam.unitedforclinicalnutrition.com\/es-mx\/sitemap\/","url":"https:\/\/lam.unitedforclinicalnutrition.com\/es-mx\/sitemap\/","name":"Mapa del sitio - Unidos por la Nutrici\u00f3n Cl\u00ednica | M\u00e9xico","isPartOf":{"@id":"https:\/\/lam.unitedforclinicalnutrition.com\/es-mx\/#website"},"datePublished":"2018-05-08T11:49:52+00:00","dateModified":"2021-11-10T15:40:22+00:00","breadcrumb":{"@id":"https:\/\/lam.unitedforclinicalnutrition.com\/es-mx\/sitemap\/#breadcrumb"},"inLanguage":"es","potentialAction":[{"@type":"ReadAction","target":["https:\/\/lam.unitedforclinicalnutrition.com\/es-mx\/sitemap\/"]}]},{"@type":"BreadcrumbList","@id":"https:\/\/lam.unitedforclinicalnutrition.com\/es-mx\/sitemap\/#breadcrumb","itemListElement":[{"@type":"ListItem","position":1,"name":"Home","item":"https:\/\/lam.unitedforclinicalnutrition.com\/es-mx\/"},{"@type":"ListItem","position":2,"name":"Mapa del sitio"}]},{"@type":"WebSite","@id":"https:\/\/lam.unitedforclinicalnutrition.com\/es-mx\/#website","url":"https:\/\/lam.unitedforclinicalnutrition.com\/es-mx\/","name":"Unidos por la Nutrici\u00f3n Cl\u00ednica | M\u00e9xico","description":"Es una iniciativa creada por Fresenius Kabi para trabajar en conjunto con los profesionales de la salud.","publisher":{"@id":"https:\/\/lam.unitedforclinicalnutrition.com\/es-mx\/#organization"},"potentialAction":[{"@type":"SearchAction","target":{"@type":"EntryPoint","urlTemplate":"https:\/\/lam.unitedforclinicalnutrition.com\/es-mx\/?s={search_term_string}"},"query-input":{"@type":"PropertyValueSpecification","valueRequired":true,"valueName":"search_term_string"}}],"inLanguage":"es"},{"@type":"Organization","@id":"https:\/\/lam.unitedforclinicalnutrition.com\/es-mx\/#organization","name":"Fresenius Kabi AG","url":"https:\/\/lam.unitedforclinicalnutrition.com\/es-mx\/","logo":{"@type":"ImageObject","inLanguage":"es","@id":"https:\/\/lam.unitedforclinicalnutrition.com\/es-mx\/#\/schema\/logo\/image\/","url":"https:\/\/lam.unitedforclinicalnutrition.com\/es-mx\/wp-content\/uploads\/sites\/5\/2018\/05\/Downloads_en_0000_Logo_edit_spanish.jpg","contentUrl":"https:\/\/lam.unitedforclinicalnutrition.com\/es-mx\/wp-content\/uploads\/sites\/5\/2018\/05\/Downloads_en_0000_Logo_edit_spanish.jpg","width":600,"height":400,"caption":"Fresenius Kabi AG"},"image":{"@id":"https:\/\/lam.unitedforclinicalnutrition.com\/es-mx\/#\/schema\/logo\/image\/"}}]}},"_links":{"self":[{"href":"https:\/\/lam.unitedforclinicalnutrition.com\/es-mx\/wp-json\/wp\/v2\/pages\/149","targetHints":{"allow":["GET"]}}],"collection":[{"href":"https:\/\/lam.unitedforclinicalnutrition.com\/es-mx\/wp-json\/wp\/v2\/pages"}],"about":[{"href":"https:\/\/lam.unitedforclinicalnutrition.com\/es-mx\/wp-json\/wp\/v2\/types\/page"}],"author":[{"embeddable":true,"href":"https:\/\/lam.unitedforclinicalnutrition.com\/es-mx\/wp-json\/wp\/v2\/users\/1"}],"replies":[{"embeddable":true,"href":"https:\/\/lam.unitedforclinicalnutrition.com\/es-mx\/wp-json\/wp\/v2\/comments?post=149"}],"version-history":[{"count":0,"href":"https:\/\/lam.unitedforclinicalnutrition.com\/es-mx\/wp-json\/wp\/v2\/pages\/149\/revisions"}],"wp:attachment":[{"href":"https:\/\/lam.unitedforclinicalnutrition.com\/es-mx\/wp-json\/wp\/v2\/media?parent=149"}],"curies":[{"name":"wp","href":"https:\/\/api.w.org\/{rel}","templated":true}]}}