{"id":151,"date":"2018-05-08T13:14:56","date_gmt":"2018-05-08T13:14:56","guid":{"rendered":"https:\/\/lam.unitedforclinicalnutrition.com\/ec\/?page_id=151"},"modified":"2022-04-10T17:18:41","modified_gmt":"2022-04-10T22:18:41","slug":"events","status":"publish","type":"page","link":"https:\/\/lam.unitedforclinicalnutrition.com\/es-ec\/events\/","title":{"rendered":"Eventos"},"content":{"rendered":"<p style=\"text-align: left;\"><strong><img loading=\"lazy\" decoding=\"async\" class=\"alignnone wp-image-1755\" src=\"https:\/\/lam.unitedforclinicalnutrition.com\/es-ec\/wp-content\/uploads\/sites\/6\/2018\/06\/Felanpe-300x69.png\" alt=\"\" width=\"400\" height=\"92\" srcset=\"https:\/\/lam.unitedforclinicalnutrition.com\/es-ec\/wp-content\/uploads\/sites\/6\/2018\/06\/Felanpe-300x69.png 300w, https:\/\/lam.unitedforclinicalnutrition.com\/es-ec\/wp-content\/uploads\/sites\/6\/2018\/06\/Felanpe-1024x234.png 1024w, https:\/\/lam.unitedforclinicalnutrition.com\/es-ec\/wp-content\/uploads\/sites\/6\/2018\/06\/Felanpe-768x176.png 768w, https:\/\/lam.unitedforclinicalnutrition.com\/es-ec\/wp-content\/uploads\/sites\/6\/2018\/06\/Felanpe-1536x352.png 1536w, https:\/\/lam.unitedforclinicalnutrition.com\/es-ec\/wp-content\/uploads\/sites\/6\/2018\/06\/Felanpe-580x133.png 580w, https:\/\/lam.unitedforclinicalnutrition.com\/es-ec\/wp-content\/uploads\/sites\/6\/2018\/06\/Felanpe.png 2000w\" sizes=\"auto, (max-width: 400px) 100vw, 400px\" \/><\/strong><\/p>\n<p style=\"text-align: left;\"><strong>Descripci\u00f3n:<\/strong> Como pre\u00e1mbulo al Congreso FELANPE 2021 que se llevar\u00e1 a cabo del 2 al 6 de julio en Guayaquil-Ecuador, la organizaci\u00f3n de FELANPE hace la cordial invitaci\u00f3n a las <strong>Jornadas Cient\u00edficas \u00abRumbo a FELANPE 2021\u00bb<\/strong>, la misma que se llevar\u00e1n a cabo del 4 al 6 de diciembre 2020 de manera virtual.\u00a0 Esta contar\u00e1 con destacados panelistas y expositores de la regi\u00f3n norte, centro y sur de la Federaci\u00f3n, quienes abordar\u00e1n temas como: Manejo Nutricional de la disfagia, Malnutrici\u00f3n hospitalaria, Falla intestinal, Inmunonutrici\u00f3n en el pacientes oncol\u00f3gico, entre otros temas.<\/p>\n<p>Para conocer con mas detalle la programaci\u00f3n del evento, le invitamos a seguir el siguiente link: <a href=\"http:\/\/jornadacientificafelanpe.org\/programa\/\">http:\/\/jornadacientificafelanpe.org\/programa\/<\/a><\/p>\n<p>Para reg\u00edstrate aqu\u00ed : <a href=\"http:\/\/jornadacientificafelanpe.org\/inscripcion\/\">http:\/\/jornadacientificafelanpe.org\/inscripcion\/<\/a><\/p>\n","protected":false},"excerpt":{"rendered":"<p>Descripci\u00f3n: Como pre\u00e1mbulo al Congreso FELANPE 2021 que se llevar\u00e1 a cabo del 2 al 6 de julio en Guayaquil-Ecuador, la organizaci\u00f3n de FELANPE hace la cordial invitaci\u00f3n a las Jornadas Cient\u00edficas \u00abRumbo a FELANPE 2021\u00bb, la misma que se llevar\u00e1n a cabo del 4 al 6 de diciembre 2020 de manera virtual.\u00a0 Esta contar\u00e1 [&hellip;]<\/p>\n","protected":false},"author":1,"featured_media":0,"parent":0,"menu_order":6,"comment_status":"closed","ping_status":"closed","template":"template-events.php","meta":{"_acf_changed":false},"class_list":["post-151","page","type-page","status-publish","hentry"],"acf":[],"yoast_head":"<!-- This site is optimized with the Yoast SEO plugin v24.5 - https:\/\/yoast.com\/wordpress\/plugins\/seo\/ -->\n<title>Eventos - Unidos por la Nutrici\u00f3n Cl\u00ednica | Ecuador<\/title>\n<meta name=\"robots\" content=\"index, follow, max-snippet:-1, max-image-preview:large, max-video-preview:-1\" \/>\n<link rel=\"canonical\" href=\"https:\/\/lam.unitedforclinicalnutrition.com\/es-ec\/events\/\" \/>\n<meta property=\"og:locale\" content=\"es_ES\" \/>\n<meta property=\"og:type\" content=\"article\" \/>\n<meta property=\"og:title\" content=\"Eventos - Unidos por la Nutrici\u00f3n Cl\u00ednica | Ecuador\" \/>\n<meta property=\"og:description\" content=\"Descripci\u00f3n: Como pre\u00e1mbulo al Congreso FELANPE 2021 que se llevar\u00e1 a cabo del 2 al 6 de julio en Guayaquil-Ecuador, la organizaci\u00f3n de FELANPE hace la cordial invitaci\u00f3n a las Jornadas Cient\u00edficas \u00abRumbo a FELANPE 2021\u00bb, la misma que se llevar\u00e1n a cabo del 4 al 6 de diciembre 2020 de manera virtual.\u00a0 Esta contar\u00e1 [&hellip;]\" \/>\n<meta property=\"og:url\" content=\"https:\/\/lam.unitedforclinicalnutrition.com\/es-ec\/events\/\" \/>\n<meta property=\"og:site_name\" content=\"Unidos por la Nutrici\u00f3n Cl\u00ednica | Ecuador\" \/>\n<meta property=\"article:modified_time\" content=\"2022-04-10T22:18:41+00:00\" \/>\n<meta property=\"og:image\" content=\"https:\/\/lam.unitedforclinicalnutrition.com\/es-ec\/wp-content\/uploads\/sites\/6\/2018\/06\/Felanpe-300x69.png\" \/>\n<meta name=\"twitter:card\" content=\"summary_large_image\" \/>\n<meta name=\"twitter:label1\" content=\"Tiempo de lectura\" \/>\n\t<meta name=\"twitter:data1\" content=\"1 minuto\" \/>\n<script type=\"application\/ld+json\" class=\"yoast-schema-graph\">{\"@context\":\"https:\/\/schema.org\",\"@graph\":[{\"@type\":\"WebPage\",\"@id\":\"https:\/\/lam.unitedforclinicalnutrition.com\/es-ec\/events\/\",\"url\":\"https:\/\/lam.unitedforclinicalnutrition.com\/es-ec\/events\/\",\"name\":\"Eventos - Unidos por la Nutrici\u00f3n Cl\u00ednica | Ecuador\",\"isPartOf\":{\"@id\":\"https:\/\/lam.unitedforclinicalnutrition.com\/es-ec\/#website\"},\"primaryImageOfPage\":{\"@id\":\"https:\/\/lam.unitedforclinicalnutrition.com\/es-ec\/events\/#primaryimage\"},\"image\":{\"@id\":\"https:\/\/lam.unitedforclinicalnutrition.com\/es-ec\/events\/#primaryimage\"},\"thumbnailUrl\":\"https:\/\/lam.unitedforclinicalnutrition.com\/es-ec\/wp-content\/uploads\/sites\/6\/2018\/06\/Felanpe-300x69.png\",\"datePublished\":\"2018-05-08T13:14:56+00:00\",\"dateModified\":\"2022-04-10T22:18:41+00:00\",\"breadcrumb\":{\"@id\":\"https:\/\/lam.unitedforclinicalnutrition.com\/es-ec\/events\/#breadcrumb\"},\"inLanguage\":\"es\",\"potentialAction\":[{\"@type\":\"ReadAction\",\"target\":[\"https:\/\/lam.unitedforclinicalnutrition.com\/es-ec\/events\/\"]}]},{\"@type\":\"ImageObject\",\"inLanguage\":\"es\",\"@id\":\"https:\/\/lam.unitedforclinicalnutrition.com\/es-ec\/events\/#primaryimage\",\"url\":\"https:\/\/lam.unitedforclinicalnutrition.com\/es-ec\/wp-content\/uploads\/sites\/6\/2018\/06\/Felanpe.png\",\"contentUrl\":\"https:\/\/lam.unitedforclinicalnutrition.com\/es-ec\/wp-content\/uploads\/sites\/6\/2018\/06\/Felanpe.png\",\"width\":2000,\"height\":458},{\"@type\":\"BreadcrumbList\",\"@id\":\"https:\/\/lam.unitedforclinicalnutrition.com\/es-ec\/events\/#breadcrumb\",\"itemListElement\":[{\"@type\":\"ListItem\",\"position\":1,\"name\":\"Home\",\"item\":\"https:\/\/lam.unitedforclinicalnutrition.com\/es-ec\/\"},{\"@type\":\"ListItem\",\"position\":2,\"name\":\"Eventos\"}]},{\"@type\":\"WebSite\",\"@id\":\"https:\/\/lam.unitedforclinicalnutrition.com\/es-ec\/#website\",\"url\":\"https:\/\/lam.unitedforclinicalnutrition.com\/es-ec\/\",\"name\":\"Unidos por la Nutrici\u00f3n Cl\u00ednica | Ecuador\",\"description\":\"Es una iniciativa creada por Fresenius Kabi para trabajar en conjunto con los profesionales de la salud.\",\"publisher\":{\"@id\":\"https:\/\/lam.unitedforclinicalnutrition.com\/es-ec\/#organization\"},\"potentialAction\":[{\"@type\":\"SearchAction\",\"target\":{\"@type\":\"EntryPoint\",\"urlTemplate\":\"https:\/\/lam.unitedforclinicalnutrition.com\/es-ec\/?s={search_term_string}\"},\"query-input\":{\"@type\":\"PropertyValueSpecification\",\"valueRequired\":true,\"valueName\":\"search_term_string\"}}],\"inLanguage\":\"es\"},{\"@type\":\"Organization\",\"@id\":\"https:\/\/lam.unitedforclinicalnutrition.com\/es-ec\/#organization\",\"name\":\"Fresenius Kabi AG\",\"url\":\"https:\/\/lam.unitedforclinicalnutrition.com\/es-ec\/\",\"logo\":{\"@type\":\"ImageObject\",\"inLanguage\":\"es\",\"@id\":\"https:\/\/lam.unitedforclinicalnutrition.com\/es-ec\/#\/schema\/logo\/image\/\",\"url\":\"https:\/\/lam.unitedforclinicalnutrition.com\/es-ec\/wp-content\/uploads\/sites\/6\/2018\/05\/Downloads_en_0000_Logo_edit_spanish.jpg\",\"contentUrl\":\"https:\/\/lam.unitedforclinicalnutrition.com\/es-ec\/wp-content\/uploads\/sites\/6\/2018\/05\/Downloads_en_0000_Logo_edit_spanish.jpg\",\"width\":600,\"height\":400,\"caption\":\"Fresenius Kabi AG\"},\"image\":{\"@id\":\"https:\/\/lam.unitedforclinicalnutrition.com\/es-ec\/#\/schema\/logo\/image\/\"}}]}<\/script>\n<!-- \/ Yoast SEO plugin. -->","yoast_head_json":{"title":"Eventos - Unidos por la Nutrici\u00f3n Cl\u00ednica | Ecuador","robots":{"index":"index","follow":"follow","max-snippet":"max-snippet:-1","max-image-preview":"max-image-preview:large","max-video-preview":"max-video-preview:-1"},"canonical":"https:\/\/lam.unitedforclinicalnutrition.com\/es-ec\/events\/","og_locale":"es_ES","og_type":"article","og_title":"Eventos - Unidos por la Nutrici\u00f3n Cl\u00ednica | Ecuador","og_description":"Descripci\u00f3n: Como pre\u00e1mbulo al Congreso FELANPE 2021 que se llevar\u00e1 a cabo del 2 al 6 de julio en Guayaquil-Ecuador, la organizaci\u00f3n de FELANPE hace la cordial invitaci\u00f3n a las Jornadas Cient\u00edficas \u00abRumbo a FELANPE 2021\u00bb, la misma que se llevar\u00e1n a cabo del 4 al 6 de diciembre 2020 de manera virtual.\u00a0 Esta contar\u00e1 [&hellip;]","og_url":"https:\/\/lam.unitedforclinicalnutrition.com\/es-ec\/events\/","og_site_name":"Unidos por la Nutrici\u00f3n Cl\u00ednica | Ecuador","article_modified_time":"2022-04-10T22:18:41+00:00","og_image":[{"url":"https:\/\/lam.unitedforclinicalnutrition.com\/es-ec\/wp-content\/uploads\/sites\/6\/2018\/06\/Felanpe-300x69.png","type":"","width":"","height":""}],"twitter_card":"summary_large_image","twitter_misc":{"Tiempo de lectura":"1 minuto"},"schema":{"@context":"https:\/\/schema.org","@graph":[{"@type":"WebPage","@id":"https:\/\/lam.unitedforclinicalnutrition.com\/es-ec\/events\/","url":"https:\/\/lam.unitedforclinicalnutrition.com\/es-ec\/events\/","name":"Eventos - Unidos por la Nutrici\u00f3n Cl\u00ednica | Ecuador","isPartOf":{"@id":"https:\/\/lam.unitedforclinicalnutrition.com\/es-ec\/#website"},"primaryImageOfPage":{"@id":"https:\/\/lam.unitedforclinicalnutrition.com\/es-ec\/events\/#primaryimage"},"image":{"@id":"https:\/\/lam.unitedforclinicalnutrition.com\/es-ec\/events\/#primaryimage"},"thumbnailUrl":"https:\/\/lam.unitedforclinicalnutrition.com\/es-ec\/wp-content\/uploads\/sites\/6\/2018\/06\/Felanpe-300x69.png","datePublished":"2018-05-08T13:14:56+00:00","dateModified":"2022-04-10T22:18:41+00:00","breadcrumb":{"@id":"https:\/\/lam.unitedforclinicalnutrition.com\/es-ec\/events\/#breadcrumb"},"inLanguage":"es","potentialAction":[{"@type":"ReadAction","target":["https:\/\/lam.unitedforclinicalnutrition.com\/es-ec\/events\/"]}]},{"@type":"ImageObject","inLanguage":"es","@id":"https:\/\/lam.unitedforclinicalnutrition.com\/es-ec\/events\/#primaryimage","url":"https:\/\/lam.unitedforclinicalnutrition.com\/es-ec\/wp-content\/uploads\/sites\/6\/2018\/06\/Felanpe.png","contentUrl":"https:\/\/lam.unitedforclinicalnutrition.com\/es-ec\/wp-content\/uploads\/sites\/6\/2018\/06\/Felanpe.png","width":2000,"height":458},{"@type":"BreadcrumbList","@id":"https:\/\/lam.unitedforclinicalnutrition.com\/es-ec\/events\/#breadcrumb","itemListElement":[{"@type":"ListItem","position":1,"name":"Home","item":"https:\/\/lam.unitedforclinicalnutrition.com\/es-ec\/"},{"@type":"ListItem","position":2,"name":"Eventos"}]},{"@type":"WebSite","@id":"https:\/\/lam.unitedforclinicalnutrition.com\/es-ec\/#website","url":"https:\/\/lam.unitedforclinicalnutrition.com\/es-ec\/","name":"Unidos por la Nutrici\u00f3n Cl\u00ednica | Ecuador","description":"Es una iniciativa creada por Fresenius Kabi para trabajar en conjunto con los profesionales de la salud.","publisher":{"@id":"https:\/\/lam.unitedforclinicalnutrition.com\/es-ec\/#organization"},"potentialAction":[{"@type":"SearchAction","target":{"@type":"EntryPoint","urlTemplate":"https:\/\/lam.unitedforclinicalnutrition.com\/es-ec\/?s={search_term_string}"},"query-input":{"@type":"PropertyValueSpecification","valueRequired":true,"valueName":"search_term_string"}}],"inLanguage":"es"},{"@type":"Organization","@id":"https:\/\/lam.unitedforclinicalnutrition.com\/es-ec\/#organization","name":"Fresenius Kabi AG","url":"https:\/\/lam.unitedforclinicalnutrition.com\/es-ec\/","logo":{"@type":"ImageObject","inLanguage":"es","@id":"https:\/\/lam.unitedforclinicalnutrition.com\/es-ec\/#\/schema\/logo\/image\/","url":"https:\/\/lam.unitedforclinicalnutrition.com\/es-ec\/wp-content\/uploads\/sites\/6\/2018\/05\/Downloads_en_0000_Logo_edit_spanish.jpg","contentUrl":"https:\/\/lam.unitedforclinicalnutrition.com\/es-ec\/wp-content\/uploads\/sites\/6\/2018\/05\/Downloads_en_0000_Logo_edit_spanish.jpg","width":600,"height":400,"caption":"Fresenius Kabi AG"},"image":{"@id":"https:\/\/lam.unitedforclinicalnutrition.com\/es-ec\/#\/schema\/logo\/image\/"}}]}},"_links":{"self":[{"href":"https:\/\/lam.unitedforclinicalnutrition.com\/es-ec\/wp-json\/wp\/v2\/pages\/151","targetHints":{"allow":["GET"]}}],"collection":[{"href":"https:\/\/lam.unitedforclinicalnutrition.com\/es-ec\/wp-json\/wp\/v2\/pages"}],"about":[{"href":"https:\/\/lam.unitedforclinicalnutrition.com\/es-ec\/wp-json\/wp\/v2\/types\/page"}],"author":[{"embeddable":true,"href":"https:\/\/lam.unitedforclinicalnutrition.com\/es-ec\/wp-json\/wp\/v2\/users\/1"}],"replies":[{"embeddable":true,"href":"https:\/\/lam.unitedforclinicalnutrition.com\/es-ec\/wp-json\/wp\/v2\/comments?post=151"}],"version-history":[{"count":0,"href":"https:\/\/lam.unitedforclinicalnutrition.com\/es-ec\/wp-json\/wp\/v2\/pages\/151\/revisions"}],"wp:attachment":[{"href":"https:\/\/lam.unitedforclinicalnutrition.com\/es-ec\/wp-json\/wp\/v2\/media?parent=151"}],"curies":[{"name":"wp","href":"https:\/\/api.w.org\/{rel}","templated":true}]}}