{"id":158,"date":"2018-05-08T15:49:16","date_gmt":"2018-05-08T15:49:16","guid":{"rendered":"https:\/\/lam.unitedforclinicalnutrition.com\/co\/?page_id=158"},"modified":"2025-01-24T13:11:20","modified_gmt":"2025-01-24T18:11:20","slug":"aviso-legal","status":"publish","type":"page","link":"https:\/\/lam.unitedforclinicalnutrition.com\/es-co\/aviso-legal\/","title":{"rendered":"Aviso Legal"},"content":{"rendered":"<p>Hemos generado nuestro sitio web muy cuidadosamente, el cual sigue expandi\u00e9ndose y actualiz\u00e1ndose continuamente. Sin embargo, no asumimos ninguna responsabilidad por la precisi\u00f3n o la totalidad de los contenidos. No asumimos ninguna responsabilidad por los da\u00f1os materiales o no materiales, indirectos o directos que podr\u00edan surgir del uso de la informaci\u00f3n proporcionada en este sitio web, excepto cuando se publique informaci\u00f3n incorrecta de forma intencionada o por negligencia grave. Sujeto a lo anterior, el uso del sitio web es por cuenta y riesgo personal del usuario.<\/p>\n<h3><strong>Informaci\u00f3n comercial e informaci\u00f3n del producto<\/strong><\/h3>\n<p>La informaci\u00f3n en este sitio web no es vinculante y est\u00e1 destinada \u00fanicamente para fines de informaci\u00f3n general. No es un sustituto del asesoramiento profesional financiero, m\u00e9dico o de otro especialista. Los usuarios no deben actuar sobre esta informaci\u00f3n sin buscar primero el asesoramiento profesional adecuado. Adem\u00e1s, no somos responsables del contenido de los textos de terceros publicados en este sitio web. Los autores individuales son responsables de sus trabajos. No asumimos ninguna responsabilidad por da\u00f1os que surjan del uso de esta informaci\u00f3n.<\/p>\n<h3><strong>Derechos de uso<\/strong><\/h3>\n<p>Fresenius Kabi Colombia es propietaria de todos los derechos de propiedad relacionados con la p\u00e1gina web preparada. Todos los textos e ilustraciones est\u00e1n protegidos por derechos de autor. Usted podr\u00eda tomar nota de la informaci\u00f3n en nuestros sitios web y cargarla en su memoria principal. En la medida en que sea posible realizar una impresi\u00f3n, esta \u00faltima se permitir\u00e1 \u00fanicamente para fines privados; queda excluida toda reproducci\u00f3n o transmisi\u00f3n a terceros. No se permitir\u00e1 ning\u00fan otro uso, en particular con fines comerciales. No se otorgar\u00e1n al usuario derechos ni licencias de ning\u00fan tipo con respecto a marcas registradas, derechos de autor, patentes, etc.<\/p>\n<h3><strong>Ley aplicable sin compromiso<\/strong><\/h3>\n<p>El contenido de nuestra p\u00e1gina web est\u00e1 destinado para su uso dentro del territorio de Colombia. Es posible que la promoci\u00f3n o la adquisici\u00f3n de productos individuales, servicios y terapias representados en esta p\u00e1gina web no est\u00e9 permitida seg\u00fan las normas legales v\u00e1lidas en pa\u00edses individuales fuera de Colombia. La p\u00e1gina web no constituir\u00e1 una promoci\u00f3n de estos productos, servicios y terapias para estos pa\u00edses. Por favor tenga en cuenta que los productos que se muestran en esta p\u00e1gina web podr\u00edan no estar disponibles en otros pa\u00edses debido a diferentes estados de registro. Los sitios web de otras filiales de Fresenius Kabi podr\u00edan incluir diferentes disposiciones legales y su uso estar\u00e1 sujeto a las disposiciones establecidas de los mismos.<\/p>\n<p>Cualquier reclamo legal o juicio que pudiese surgir en relaci\u00f3n con este sitio web o su uso est\u00e1 sujeto a la interpretaci\u00f3n de las leyes de la Rep\u00fablica de Colombia, excluyendo las disposiciones del derecho internacional privado y la Convenci\u00f3n de las Naciones Unidas sobre Contratos para la Venta Internacional de Bienes.<\/p>\n<h3><strong>Hiperv\u00ednculos<\/strong><\/h3>\n<p>Tambi\u00e9n ofrecemos enlaces a sitios web de terceros adem\u00e1s de nuestra propia informaci\u00f3n. El contenido y el dise\u00f1o de los sitios web de terceros est\u00e1n fuera de nuestro control. No garantizamos que la informaci\u00f3n en los sitios web de terceros sea precisa o correcta. Los enlaces tampoco representan respaldo, apoyo o confirmaci\u00f3n de los contenidos en los sitios enlazados.<\/p>\n<p>Los autores individuales de los sitios vinculados, son responsables de la informaci\u00f3n, opiniones y hechos presentados en sus p\u00e1ginas web. Lo mismo se aplica a los comentarios realizados en los libros de visitas, formularios de discusi\u00f3n y listas de correo electr\u00f3nico. Tampoco nos hacemos responsables de la seguridad t\u00e9cnica tanto de los enlaces como de las p\u00e1ginas de destino. Por lo tanto, no somos responsables de los da\u00f1os que se produzcan mediante el uso de la informaci\u00f3n contenida en estos hiperv\u00ednculos o el uso de los mismos.<\/p>\n<h3><strong>Contacto y m\u00e1s informaci\u00f3n<\/strong><\/h3>\n<p><strong>\u00a9\u00a02011 \u2013 2022 Fresenius Kabi Colombia\u00a0<\/strong>&#8211;<strong>\u00a0<\/strong>Los contenidos de este sitio web y sus subp\u00e1ginas, en particular los textos, im\u00e1genes y gr\u00e1ficos, est\u00e1n protegidos por derechos de autor. Quedan reservados todos los derechos, incluidos los derechos de reproducci\u00f3n digital y mec\u00e1nica, adem\u00e1s de cualquier derecho de publicaci\u00f3n en forma digital o mec\u00e1nica, as\u00ed como los derechos de edici\u00f3n y traducci\u00f3n.<\/p>\n<p>Fresenius Kabi Colombia S.A.S.<\/p>\n<p>Avenida Cra 7 N 155C-20 piso 40 Centro Empresarial North Point Torre E<\/p>\n<p>Bogot\u00e1 D.C. \u2013 Colombia<\/p>\n<p>Email: datospersonales.co@fresenius-kabi.com<\/p>\n<p><strong>Contacto:<\/strong> <a href=\"https:\/\/www.fresenius-kabi.com\/co\/contactenos\" target=\"_blank\" rel=\"noopener\">https:\/\/www.fresenius-kabi.com\/co\/contactenos<\/a><\/p>\n<p>E-mail:\u00a0unidosporlanutricionclinica.co@fresenius-kabi.com<\/p>\n","protected":false},"excerpt":{"rendered":"<p>Hemos generado nuestro sitio web muy cuidadosamente, el cual sigue expandi\u00e9ndose y actualiz\u00e1ndose continuamente. Sin embargo, no asumimos ninguna responsabilidad por la precisi\u00f3n o la totalidad de los contenidos. No asumimos ninguna responsabilidad por los da\u00f1os materiales o no materiales, indirectos o directos que podr\u00edan surgir del uso de la informaci\u00f3n proporcionada en este sitio [&hellip;]<\/p>\n","protected":false},"author":1,"featured_media":0,"parent":0,"menu_order":100,"comment_status":"closed","ping_status":"closed","template":"","meta":{"_acf_changed":false},"class_list":["post-158","page","type-page","status-publish","hentry"],"acf":[],"yoast_head":"<!-- This site is optimized with the Yoast SEO plugin v24.5 - https:\/\/yoast.com\/wordpress\/plugins\/seo\/ -->\n<title>Aviso Legal - Unidos por la Nutrici\u00f3n Cl\u00ednica | Colombia<\/title>\n<meta name=\"robots\" content=\"index, follow, max-snippet:-1, max-image-preview:large, max-video-preview:-1\" \/>\n<link rel=\"canonical\" href=\"https:\/\/lam.unitedforclinicalnutrition.com\/es-co\/aviso-legal\/\" \/>\n<meta property=\"og:locale\" content=\"es_ES\" \/>\n<meta property=\"og:type\" content=\"article\" \/>\n<meta property=\"og:title\" content=\"Aviso Legal - Unidos por la Nutrici\u00f3n Cl\u00ednica | Colombia\" \/>\n<meta property=\"og:description\" content=\"Hemos generado nuestro sitio web muy cuidadosamente, el cual sigue expandi\u00e9ndose y actualiz\u00e1ndose continuamente. Sin embargo, no asumimos ninguna responsabilidad por la precisi\u00f3n o la totalidad de los contenidos. No asumimos ninguna responsabilidad por los da\u00f1os materiales o no materiales, indirectos o directos que podr\u00edan surgir del uso de la informaci\u00f3n proporcionada en este sitio [&hellip;]\" \/>\n<meta property=\"og:url\" content=\"https:\/\/lam.unitedforclinicalnutrition.com\/es-co\/aviso-legal\/\" \/>\n<meta property=\"og:site_name\" content=\"Unidos por la Nutrici\u00f3n Cl\u00ednica | Colombia\" \/>\n<meta property=\"article:modified_time\" content=\"2025-01-24T18:11:20+00:00\" \/>\n<meta name=\"twitter:card\" content=\"summary_large_image\" \/>\n<meta name=\"twitter:label1\" content=\"Tiempo de lectura\" \/>\n\t<meta name=\"twitter:data1\" content=\"4 minutos\" \/>\n<script type=\"application\/ld+json\" class=\"yoast-schema-graph\">{\"@context\":\"https:\/\/schema.org\",\"@graph\":[{\"@type\":\"WebPage\",\"@id\":\"https:\/\/lam.unitedforclinicalnutrition.com\/es-co\/aviso-legal\/\",\"url\":\"https:\/\/lam.unitedforclinicalnutrition.com\/es-co\/aviso-legal\/\",\"name\":\"Aviso Legal - Unidos por la Nutrici\u00f3n Cl\u00ednica | Colombia\",\"isPartOf\":{\"@id\":\"https:\/\/lam.unitedforclinicalnutrition.com\/es-co\/#website\"},\"datePublished\":\"2018-05-08T15:49:16+00:00\",\"dateModified\":\"2025-01-24T18:11:20+00:00\",\"breadcrumb\":{\"@id\":\"https:\/\/lam.unitedforclinicalnutrition.com\/es-co\/aviso-legal\/#breadcrumb\"},\"inLanguage\":\"es-CO\",\"potentialAction\":[{\"@type\":\"ReadAction\",\"target\":[\"https:\/\/lam.unitedforclinicalnutrition.com\/es-co\/aviso-legal\/\"]}]},{\"@type\":\"BreadcrumbList\",\"@id\":\"https:\/\/lam.unitedforclinicalnutrition.com\/es-co\/aviso-legal\/#breadcrumb\",\"itemListElement\":[{\"@type\":\"ListItem\",\"position\":1,\"name\":\"Home\",\"item\":\"https:\/\/lam.unitedforclinicalnutrition.com\/es-co\/\"},{\"@type\":\"ListItem\",\"position\":2,\"name\":\"Aviso Legal\"}]},{\"@type\":\"WebSite\",\"@id\":\"https:\/\/lam.unitedforclinicalnutrition.com\/es-co\/#website\",\"url\":\"https:\/\/lam.unitedforclinicalnutrition.com\/es-co\/\",\"name\":\"Unidos por la Nutrici\u00f3n Cl\u00ednica | Colombia\",\"description\":\"Es una iniciativa creada por Fresenius Kabi para trabajar en conjunto con los profesionales de la salud.\",\"publisher\":{\"@id\":\"https:\/\/lam.unitedforclinicalnutrition.com\/es-co\/#organization\"},\"potentialAction\":[{\"@type\":\"SearchAction\",\"target\":{\"@type\":\"EntryPoint\",\"urlTemplate\":\"https:\/\/lam.unitedforclinicalnutrition.com\/es-co\/?s={search_term_string}\"},\"query-input\":{\"@type\":\"PropertyValueSpecification\",\"valueRequired\":true,\"valueName\":\"search_term_string\"}}],\"inLanguage\":\"es-CO\"},{\"@type\":\"Organization\",\"@id\":\"https:\/\/lam.unitedforclinicalnutrition.com\/es-co\/#organization\",\"name\":\"Fresenius Kabi AG\",\"url\":\"https:\/\/lam.unitedforclinicalnutrition.com\/es-co\/\",\"logo\":{\"@type\":\"ImageObject\",\"inLanguage\":\"es-CO\",\"@id\":\"https:\/\/lam.unitedforclinicalnutrition.com\/es-co\/#\/schema\/logo\/image\/\",\"url\":\"https:\/\/lam.unitedforclinicalnutrition.com\/es-co\/wp-content\/uploads\/sites\/7\/2018\/06\/Downloads_en_0000_Logo_edit_spanish.jpg\",\"contentUrl\":\"https:\/\/lam.unitedforclinicalnutrition.com\/es-co\/wp-content\/uploads\/sites\/7\/2018\/06\/Downloads_en_0000_Logo_edit_spanish.jpg\",\"width\":600,\"height\":400,\"caption\":\"Fresenius Kabi AG\"},\"image\":{\"@id\":\"https:\/\/lam.unitedforclinicalnutrition.com\/es-co\/#\/schema\/logo\/image\/\"}}]}<\/script>\n<!-- \/ Yoast SEO plugin. -->","yoast_head_json":{"title":"Aviso Legal - Unidos por la Nutrici\u00f3n Cl\u00ednica | Colombia","robots":{"index":"index","follow":"follow","max-snippet":"max-snippet:-1","max-image-preview":"max-image-preview:large","max-video-preview":"max-video-preview:-1"},"canonical":"https:\/\/lam.unitedforclinicalnutrition.com\/es-co\/aviso-legal\/","og_locale":"es_ES","og_type":"article","og_title":"Aviso Legal - Unidos por la Nutrici\u00f3n Cl\u00ednica | Colombia","og_description":"Hemos generado nuestro sitio web muy cuidadosamente, el cual sigue expandi\u00e9ndose y actualiz\u00e1ndose continuamente. Sin embargo, no asumimos ninguna responsabilidad por la precisi\u00f3n o la totalidad de los contenidos. No asumimos ninguna responsabilidad por los da\u00f1os materiales o no materiales, indirectos o directos que podr\u00edan surgir del uso de la informaci\u00f3n proporcionada en este sitio [&hellip;]","og_url":"https:\/\/lam.unitedforclinicalnutrition.com\/es-co\/aviso-legal\/","og_site_name":"Unidos por la Nutrici\u00f3n Cl\u00ednica | Colombia","article_modified_time":"2025-01-24T18:11:20+00:00","twitter_card":"summary_large_image","twitter_misc":{"Tiempo de lectura":"4 minutos"},"schema":{"@context":"https:\/\/schema.org","@graph":[{"@type":"WebPage","@id":"https:\/\/lam.unitedforclinicalnutrition.com\/es-co\/aviso-legal\/","url":"https:\/\/lam.unitedforclinicalnutrition.com\/es-co\/aviso-legal\/","name":"Aviso Legal - Unidos por la Nutrici\u00f3n Cl\u00ednica | Colombia","isPartOf":{"@id":"https:\/\/lam.unitedforclinicalnutrition.com\/es-co\/#website"},"datePublished":"2018-05-08T15:49:16+00:00","dateModified":"2025-01-24T18:11:20+00:00","breadcrumb":{"@id":"https:\/\/lam.unitedforclinicalnutrition.com\/es-co\/aviso-legal\/#breadcrumb"},"inLanguage":"es-CO","potentialAction":[{"@type":"ReadAction","target":["https:\/\/lam.unitedforclinicalnutrition.com\/es-co\/aviso-legal\/"]}]},{"@type":"BreadcrumbList","@id":"https:\/\/lam.unitedforclinicalnutrition.com\/es-co\/aviso-legal\/#breadcrumb","itemListElement":[{"@type":"ListItem","position":1,"name":"Home","item":"https:\/\/lam.unitedforclinicalnutrition.com\/es-co\/"},{"@type":"ListItem","position":2,"name":"Aviso Legal"}]},{"@type":"WebSite","@id":"https:\/\/lam.unitedforclinicalnutrition.com\/es-co\/#website","url":"https:\/\/lam.unitedforclinicalnutrition.com\/es-co\/","name":"Unidos por la Nutrici\u00f3n Cl\u00ednica | Colombia","description":"Es una iniciativa creada por Fresenius Kabi para trabajar en conjunto con los profesionales de la salud.","publisher":{"@id":"https:\/\/lam.unitedforclinicalnutrition.com\/es-co\/#organization"},"potentialAction":[{"@type":"SearchAction","target":{"@type":"EntryPoint","urlTemplate":"https:\/\/lam.unitedforclinicalnutrition.com\/es-co\/?s={search_term_string}"},"query-input":{"@type":"PropertyValueSpecification","valueRequired":true,"valueName":"search_term_string"}}],"inLanguage":"es-CO"},{"@type":"Organization","@id":"https:\/\/lam.unitedforclinicalnutrition.com\/es-co\/#organization","name":"Fresenius Kabi AG","url":"https:\/\/lam.unitedforclinicalnutrition.com\/es-co\/","logo":{"@type":"ImageObject","inLanguage":"es-CO","@id":"https:\/\/lam.unitedforclinicalnutrition.com\/es-co\/#\/schema\/logo\/image\/","url":"https:\/\/lam.unitedforclinicalnutrition.com\/es-co\/wp-content\/uploads\/sites\/7\/2018\/06\/Downloads_en_0000_Logo_edit_spanish.jpg","contentUrl":"https:\/\/lam.unitedforclinicalnutrition.com\/es-co\/wp-content\/uploads\/sites\/7\/2018\/06\/Downloads_en_0000_Logo_edit_spanish.jpg","width":600,"height":400,"caption":"Fresenius Kabi AG"},"image":{"@id":"https:\/\/lam.unitedforclinicalnutrition.com\/es-co\/#\/schema\/logo\/image\/"}}]}},"_links":{"self":[{"href":"https:\/\/lam.unitedforclinicalnutrition.com\/es-co\/wp-json\/wp\/v2\/pages\/158","targetHints":{"allow":["GET"]}}],"collection":[{"href":"https:\/\/lam.unitedforclinicalnutrition.com\/es-co\/wp-json\/wp\/v2\/pages"}],"about":[{"href":"https:\/\/lam.unitedforclinicalnutrition.com\/es-co\/wp-json\/wp\/v2\/types\/page"}],"author":[{"embeddable":true,"href":"https:\/\/lam.unitedforclinicalnutrition.com\/es-co\/wp-json\/wp\/v2\/users\/1"}],"replies":[{"embeddable":true,"href":"https:\/\/lam.unitedforclinicalnutrition.com\/es-co\/wp-json\/wp\/v2\/comments?post=158"}],"version-history":[{"count":0,"href":"https:\/\/lam.unitedforclinicalnutrition.com\/es-co\/wp-json\/wp\/v2\/pages\/158\/revisions"}],"wp:attachment":[{"href":"https:\/\/lam.unitedforclinicalnutrition.com\/es-co\/wp-json\/wp\/v2\/media?parent=158"}],"curies":[{"name":"wp","href":"https:\/\/api.w.org\/{rel}","templated":true}]}}