{"id":2015,"date":"2025-07-30T11:00:17","date_gmt":"2025-07-30T15:00:17","guid":{"rendered":"https:\/\/lam.unitedforclinicalnutrition.com\/es-cl\/?page_id=2015"},"modified":"2025-10-29T08:42:28","modified_gmt":"2025-10-29T11:42:28","slug":"fellowship-program","status":"publish","type":"page","link":"https:\/\/lam.unitedforclinicalnutrition.com\/es-cl\/fellowship-program\/","title":{"rendered":"Fellowship Program"},"content":{"rendered":"<p>&nbsp;<\/p>\n<p>La nutrici\u00f3n cl\u00ednica es mucho m\u00e1s que un complemento del tratamiento: es una herramienta poderosa para mejorar los resultados de los pacientes, reducir complicaciones y acortar las estancias hospitalarias.<\/p>\n<p>Sin embargo, en muchos hospitales de Am\u00e9rica Latina y Canad\u00e1, la implementaci\u00f3n de pr\u00e1cticas nutricionales de alta calidad a\u00fan representa un desaf\u00edo. Por eso nace el Fellowship Program de Fresenius Kabi.<\/p>\n<h2>\u00bfQu\u00e9 es el Fellowship Program?<\/h2>\n<p data-start=\"185\" data-end=\"418\">Una oportunidad \u00fanica para que profesionales de la salud formen parte de una red regional de colaboraci\u00f3n, compartan conocimientos reales y construyan juntos <strong data-start=\"343\" data-end=\"415\">Equipos de Terapia Nutricional m\u00e1s s\u00f3lidos, capacitados e integrados<\/strong>.<\/p>\n<p data-start=\"420\" data-end=\"530\">El programa impulsa una mejora concreta en las pr\u00e1cticas de nutrici\u00f3n cl\u00ednica en los hospitales a trav\u00e9s de:<\/p>\n<ul>\n<li data-start=\"534\" data-end=\"558\">Sesiones pr\u00e1cticas<\/li>\n<li data-start=\"561\" data-end=\"594\">Intercambio de experiencias<\/li>\n<li data-start=\"597\" data-end=\"627\">Discusi\u00f3n de temas clave<\/li>\n<\/ul>\n<h2>\u00bfQui\u00e9nes pueden participar en el Fellowship Program?<\/h2>\n<p data-start=\"176\" data-end=\"236\">El programa est\u00e1 dirigido a profesionales de la salud que:<\/p>\n<ul>\n<li data-start=\"240\" data-end=\"295\">Forman parte de un <strong data-start=\"259\" data-end=\"292\">Equipo de Terapia Nutricional<\/strong>.<\/li>\n<li data-start=\"298\" data-end=\"375\">Est\u00e1n comprometidos con brindar una <strong data-start=\"334\" data-end=\"372\">atenci\u00f3n nutricional de excelencia<\/strong>.<\/li>\n<li data-start=\"378\" data-end=\"483\">Buscan mejorar la <strong data-start=\"396\" data-end=\"428\">experiencia de sus pacientes<\/strong> a trav\u00e9s de una terapia nutricional de alta calidad.<\/li>\n<li data-start=\"486\" data-end=\"556\">Provienen de cualquiera de los siguientes pa\u00edses:<\/li>\n<\/ul>\n<p>&nbsp;<\/p>\n<p><img loading=\"lazy\" decoding=\"async\" class=\"wp-image-1834 aligncenter\" src=\"https:\/\/lam.unitedforclinicalnutrition.com\/es-ar\/wp-content\/uploads\/sites\/2\/2025\/08\/fellowship-backgroudn-3-e1754039194185.png\" alt=\"\" width=\"1014\" height=\"178\" \/><\/p>\n<h5 style=\"text-align: center;margin: 40px 0\"><a style=\"padding: 12px 24px;background-color: #0063be;color: white;text-decoration: none;font-weight: bold;border-radius: 5px;font-family: Arial, sans-serif\" href=\"mailto:UFCNFellowshipProgram@fresenius-kabi.com\">\u00a1Aplica ahora!<\/a><\/h5>\n<h2 data-start=\"210\" data-end=\"290\">Objetivos del Programa<\/h2>\n<p><img loading=\"lazy\" decoding=\"async\" class=\"alignnone wp-image-2021 size-full\" src=\"https:\/\/lam.unitedforclinicalnutrition.com\/es-cl\/wp-content\/uploads\/sites\/4\/2025\/08\/fellowship-backgroudn-9.png\" alt=\"\" width=\"1280\" height=\"639\" srcset=\"https:\/\/lam.unitedforclinicalnutrition.com\/es-cl\/wp-content\/uploads\/sites\/4\/2025\/08\/fellowship-backgroudn-9.png 1280w, https:\/\/lam.unitedforclinicalnutrition.com\/es-cl\/wp-content\/uploads\/sites\/4\/2025\/08\/fellowship-backgroudn-9-300x150.png 300w, https:\/\/lam.unitedforclinicalnutrition.com\/es-cl\/wp-content\/uploads\/sites\/4\/2025\/08\/fellowship-backgroudn-9-1024x511.png 1024w, https:\/\/lam.unitedforclinicalnutrition.com\/es-cl\/wp-content\/uploads\/sites\/4\/2025\/08\/fellowship-backgroudn-9-768x383.png 768w, https:\/\/lam.unitedforclinicalnutrition.com\/es-cl\/wp-content\/uploads\/sites\/4\/2025\/08\/fellowship-backgroudn-9-580x290.png 580w\" sizes=\"auto, (max-width: 1280px) 100vw, 1280px\" \/><\/p>\n<h2 data-start=\"210\" data-end=\"290\">\u00bfPor qu\u00e9 deber\u00edas ser parte de este Fellowship Program?<\/h2>\n<p><img loading=\"lazy\" decoding=\"async\" class=\" wp-image-1854 alignright\" src=\"https:\/\/lam.unitedforclinicalnutrition.com\/es-pe\/wp-content\/uploads\/sites\/8\/2025\/06\/blue-gradient-corporate-office-meeting-zoom-virtual-background-7-e1751287617804.png\" alt=\"\" width=\"189\" height=\"185\" \/><\/p>\n<p data-start=\"292\" data-end=\"505\">Porque es m\u00e1s que una capacitaci\u00f3n: es una <strong data-start=\"345\" data-end=\"378\">experiencia profesional \u00fanica<\/strong> que te conectar\u00e1 con las mejores pr\u00e1cticas de nutrici\u00f3n cl\u00ednica y te preparar\u00e1 para <strong data-start=\"461\" data-end=\"500\">liderar el cambio en tu instituci\u00f3n<\/strong>.<\/p>\n<p data-start=\"507\" data-end=\"681\">El programa iniciar\u00e1 con sesiones educativas virtuales, y luego te sumergir\u00e1 en una semana presencial intensiva en el prestigioso <strong data-start=\"633\" data-end=\"661\">Hospital Albert Einstein<\/strong> en S\u00e3o Paulo, Brasil.<\/p>\n<p data-start=\"507\" data-end=\"681\">Durante esta experiencia, tendr\u00e1s la oportunidad de:<\/p>\n<ul>\n<li data-start=\"2\" data-end=\"52\">Conocer protocolos avanzados de nutrici\u00f3n cl\u00ednica<\/li>\n<li data-start=\"55\" data-end=\"127\">Experimentar de primera mano la din\u00e1mica de equipos multidisciplinarios<\/li>\n<li data-start=\"130\" data-end=\"235\">Participar en discusiones pr\u00e1cticas sobre c\u00f3mo mejorar la calidad del cuidado nutricional en tu hospital<\/li>\n<li data-start=\"238\" data-end=\"345\">Aprender nuevas habilidades y pon en pr\u00e1ctica herramientas de evaluaci\u00f3n nutricional, como ecograf\u00eda y BIA<\/li>\n<li data-start=\"348\" data-end=\"447\">Oportunidad de desarrollar y perfeccionar el proyecto de mejora de calidad nutricional de tu equipo<\/li>\n<\/ul>\n<h2 data-start=\"210\" data-end=\"290\">\u00bfY despu\u00e9s?<\/h2>\n<p data-start=\"209\" data-end=\"330\">Al volver a tu instituci\u00f3n, tendr\u00e1s la oportunidad de poner en pr\u00e1ctica lo aprendido a trav\u00e9s de un proyecto de mejora:<\/p>\n<ul>\n<li data-start=\"334\" data-end=\"434\">Implementar\u00e1s un proyecto de calidad con el acompa\u00f1amiento de mentores que te guiar\u00e1n paso a paso.<\/li>\n<li data-start=\"437\" data-end=\"556\">Tu iniciativa ser\u00e1 evaluada por su impacto real, sostenibilidad en el tiempo y potencial de inspirar a otros equipos.<\/li>\n<li data-start=\"559\" data-end=\"650\">Tendr\u00e1s la oportunidad de presentar tu proyecto en congresos locales y\/o internacionales.<\/li>\n<\/ul>\n<h2>Pasos clave del Fellowship Program:<\/h2>\n<div style=\"width: 1920px;\" class=\"wp-video\"><!--[if lt IE 9]><script>document.createElement('video');<\/script><![endif]-->\n<video class=\"wp-video-shortcode\" id=\"video-2015-1\" width=\"1920\" height=\"1080\" poster=\"https:\/\/lam.unitedforclinicalnutrition.com\/es-pe\/wp-content\/uploads\/sites\/8\/2025\/06\/diseno-sin-titulo-11.png\" preload=\"metadata\" controls=\"controls\"><source type=\"video\/mp4\" src=\"https:\/\/lam.unitedforclinicalnutrition.com\/es-cl\/wp-content\/uploads\/sites\/4\/2025\/08\/fellowship-program-steps-of-the-project-13.mp4?_=1\" \/><a href=\"https:\/\/lam.unitedforclinicalnutrition.com\/es-cl\/wp-content\/uploads\/sites\/4\/2025\/08\/fellowship-program-steps-of-the-project-13.mp4\">https:\/\/lam.unitedforclinicalnutrition.com\/es-cl\/wp-content\/uploads\/sites\/4\/2025\/08\/fellowship-program-steps-of-the-project-13.mp4<\/a><\/video><\/div>\n<h2>Fechas importantes:<\/h2>\n<p>Conoce las fechas importantes de nuestro programa, desde la postulaci\u00f3n hasta la presentaci\u00f3n final, un paso a paso de c\u00f3mo ser\u00e1 tu experiencia:<\/p>\n<p>&nbsp;<\/p>\n<p><img loading=\"lazy\" decoding=\"async\" class=\"alignnone wp-image-2022 size-full\" src=\"https:\/\/lam.unitedforclinicalnutrition.com\/es-cl\/wp-content\/uploads\/sites\/4\/2025\/08\/fellowship-backgroudn-12.png\" alt=\"\" width=\"1280\" height=\"328\" srcset=\"https:\/\/lam.unitedforclinicalnutrition.com\/es-cl\/wp-content\/uploads\/sites\/4\/2025\/08\/fellowship-backgroudn-12.png 1280w, https:\/\/lam.unitedforclinicalnutrition.com\/es-cl\/wp-content\/uploads\/sites\/4\/2025\/08\/fellowship-backgroudn-12-300x77.png 300w, https:\/\/lam.unitedforclinicalnutrition.com\/es-cl\/wp-content\/uploads\/sites\/4\/2025\/08\/fellowship-backgroudn-12-1024x262.png 1024w, https:\/\/lam.unitedforclinicalnutrition.com\/es-cl\/wp-content\/uploads\/sites\/4\/2025\/08\/fellowship-backgroudn-12-768x197.png 768w, https:\/\/lam.unitedforclinicalnutrition.com\/es-cl\/wp-content\/uploads\/sites\/4\/2025\/08\/fellowship-backgroudn-12-580x149.png 580w\" sizes=\"auto, (max-width: 1280px) 100vw, 1280px\" \/><\/p>\n<h2>\u00bfC\u00f3mo postular?<\/h2>\n<ul>\n<li><strong>Paso 1:<\/strong> Identifica una iniciativa de mejora de la calidad que tu equipo tenga la intenci\u00f3n de implementar dentro de tu instituci\u00f3n.<\/li>\n<li><strong>Paso 2:<\/strong> Completa tanto el formulario de postulaci\u00f3n como la plantilla de propuesta de proyecto, asegur\u00e1ndote de incluir todos los detalles relevantes sobre la iniciativa.<\/li>\n<li><strong>Paso 3<\/strong>: Obt\u00e9n la aprobaci\u00f3n formal tanto del Jefe del Departamento como del Director de la Instituci\u00f3n.<\/li>\n<li><strong data-start=\"90\" data-end=\"101\">Paso 4:<\/strong> Env\u00eda todos los documentos requeridos al siguiente correo electr\u00f3nico: <a href=\"mailto:UFCNFellowshipProgram@fresenius-kabi.com\">UFCNFellowshipProgram@fresenius-kabi.com<\/a><\/li>\n<\/ul>\n<p>&nbsp;<\/p>\n<p data-start=\"1288\" data-end=\"1352\"><strong>Este Fellowship es una oportunidad para colaborar, innovar y dejar huella en la nutrici\u00f3n cl\u00ednica en tu instituci\u00f3n.<\/strong><\/p>\n<h5 style=\"text-align: center;margin: 40px 0\"><a style=\"padding: 12px 24px;background-color: #0063be;color: white;text-decoration: none;font-weight: bold;border-radius: 5px;font-family: Arial, sans-serif\" href=\"mailto:UFCNFellowshipProgram@fresenius-kabi.com\">\u00a1Aplica ahora!<\/a><\/h5>\n<p>Para m\u00e1s informaci\u00f3n, revisa todos los documentos disponibles aqu\u00ed:<\/p>\n<figure id=\"attachment_1895\" aria-describedby=\"caption-attachment-1895\" style=\"width: 183px\" class=\"wp-caption alignleft\"><img loading=\"lazy\" decoding=\"async\" class=\"wp-image-1895\" src=\"https:\/\/lam.unitedforclinicalnutrition.com\/es-pe\/wp-content\/uploads\/sites\/8\/2025\/08\/ufcn-website-felliwship-5-300x240.png\" alt=\"\" width=\"183\" height=\"146\" \/><figcaption id=\"caption-attachment-1895\" class=\"wp-caption-text\"><a href=\"https:\/\/lam.unitedforclinicalnutrition.com\/es-pe\/wp-content\/uploads\/sites\/8\/2025\/08\/2--fellowship-program-guidelines-v4-am-traducido-final.pdf\" target=\"_blank\" rel=\"noopener\">Haz clic aqu\u00ed para descargar<\/a><\/figcaption><\/figure>\n<figure id=\"attachment_1896\" aria-describedby=\"caption-attachment-1896\" style=\"width: 183px\" class=\"wp-caption alignleft\"><img loading=\"lazy\" decoding=\"async\" class=\"wp-image-1896\" src=\"https:\/\/lam.unitedforclinicalnutrition.com\/es-pe\/wp-content\/uploads\/sites\/8\/2025\/08\/ufcn-website-felliwship-7-300x240.png\" alt=\"\" width=\"183\" height=\"146\" \/><figcaption id=\"caption-attachment-1896\" class=\"wp-caption-text\"><a href=\"https:\/\/lam.unitedforclinicalnutrition.com\/es-cl\/wp-content\/uploads\/sites\/4\/2025\/10\/fellowship-program-application-form-25-1.pdf\" target=\"_blank\" rel=\"noopener\">Haz clic aqu\u00ed para descargar<\/a><\/figcaption><\/figure>\n<figure id=\"attachment_1897\" aria-describedby=\"caption-attachment-1897\" style=\"width: 186px\" class=\"wp-caption alignleft\"><img loading=\"lazy\" decoding=\"async\" class=\"wp-image-1897 \" src=\"https:\/\/lam.unitedforclinicalnutrition.com\/es-pe\/wp-content\/uploads\/sites\/8\/2025\/08\/ufcn-website-felliwship-6-300x240.png\" alt=\"\" width=\"186\" height=\"149\" \/><figcaption id=\"caption-attachment-1897\" class=\"wp-caption-text\"><a href=\"https:\/\/lam.unitedforclinicalnutrition.com\/es-pe\/wp-content\/uploads\/sites\/8\/2025\/08\/3--fellowship-program-project-proposal-example-v2-am-traducido-final.pdf\" target=\"_blank\" rel=\"noopener\">Haz clic aqu\u00ed para descargar<\/a><\/figcaption><\/figure>\n<figure id=\"attachment_1898\" aria-describedby=\"caption-attachment-1898\" style=\"width: 188px\" class=\"wp-caption alignleft\"><img loading=\"lazy\" decoding=\"async\" class=\"wp-image-1898 \" src=\"https:\/\/lam.unitedforclinicalnutrition.com\/es-pe\/wp-content\/uploads\/sites\/8\/2025\/08\/ufcn-website-felliwship-4-300x240.png\" alt=\"\" width=\"188\" height=\"150\" \/><figcaption id=\"caption-attachment-1898\" class=\"wp-caption-text\"><a href=\"https:\/\/lam.unitedforclinicalnutrition.com\/es-cl\/wp-content\/uploads\/sites\/4\/2025\/10\/4--fellowship-program-application-form-template-traducid-final-1.pdf\" target=\"_blank\" rel=\"noopener\">Haz clic aqu\u00ed para descargar<\/a><\/figcaption><\/figure>\n<p>&nbsp;<\/p>\n<p>&nbsp;<\/p>\n<p>&nbsp;<\/p>\n<p>&nbsp;<\/p>\n<p>&nbsp;<\/p>\n<p>&nbsp;<\/p>\n<h6 data-start=\"1288\" data-end=\"1352\"><\/h6>\n","protected":false},"excerpt":{"rendered":"<p>&nbsp; La nutrici\u00f3n cl\u00ednica es mucho m\u00e1s que un complemento del tratamiento: es una herramienta poderosa para mejorar los resultados de los pacientes, reducir complicaciones y acortar las estancias hospitalarias. Sin embargo, en muchos hospitales de Am\u00e9rica Latina y Canad\u00e1, la implementaci\u00f3n de pr\u00e1cticas nutricionales de alta calidad a\u00fan representa un desaf\u00edo. Por eso nace [&hellip;]<\/p>\n","protected":false},"author":6343,"featured_media":0,"parent":0,"menu_order":0,"comment_status":"closed","ping_status":"closed","template":"","meta":{"_acf_changed":false},"class_list":["post-2015","page","type-page","status-publish","hentry"],"acf":[],"yoast_head":"<!-- This site is optimized with the Yoast SEO plugin v24.5 - https:\/\/yoast.com\/wordpress\/plugins\/seo\/ -->\n<title>Fellowship Program - Unidos por la Nutrici\u00f3n Cl\u00ednica | Chile<\/title>\n<meta name=\"robots\" content=\"index, follow, max-snippet:-1, max-image-preview:large, max-video-preview:-1\" \/>\n<link rel=\"canonical\" href=\"https:\/\/lam.unitedforclinicalnutrition.com\/es-cl\/fellowship-program\/\" \/>\n<meta property=\"og:locale\" content=\"es_ES\" \/>\n<meta property=\"og:type\" content=\"article\" \/>\n<meta property=\"og:title\" content=\"Fellowship Program - Unidos por la Nutrici\u00f3n Cl\u00ednica | Chile\" \/>\n<meta property=\"og:description\" content=\"&nbsp; La nutrici\u00f3n cl\u00ednica es mucho m\u00e1s que un complemento del tratamiento: es una herramienta poderosa para mejorar los resultados de los pacientes, reducir complicaciones y acortar las estancias hospitalarias. Sin embargo, en muchos hospitales de Am\u00e9rica Latina y Canad\u00e1, la implementaci\u00f3n de pr\u00e1cticas nutricionales de alta calidad a\u00fan representa un desaf\u00edo. Por eso nace [&hellip;]\" \/>\n<meta property=\"og:url\" content=\"https:\/\/lam.unitedforclinicalnutrition.com\/es-cl\/fellowship-program\/\" \/>\n<meta property=\"og:site_name\" content=\"Unidos por la Nutrici\u00f3n Cl\u00ednica | Chile\" \/>\n<meta property=\"article:modified_time\" content=\"2025-10-29T11:42:28+00:00\" \/>\n<meta property=\"og:image\" content=\"https:\/\/lam.unitedforclinicalnutrition.com\/es-cl\/wp-content\/uploads\/sites\/4\/2018\/12\/GRANT-winner-picture.jpg\" \/>\n\t<meta property=\"og:image:width\" content=\"1280\" \/>\n\t<meta property=\"og:image:height\" content=\"853\" \/>\n\t<meta property=\"og:image:type\" content=\"image\/jpeg\" \/>\n<meta name=\"twitter:card\" content=\"summary_large_image\" \/>\n<meta name=\"twitter:label1\" content=\"Tiempo estimado de lectura\" \/>\n\t<meta name=\"twitter:data1\" content=\"3 minutos\" \/>\n<script type=\"application\/ld+json\" class=\"yoast-schema-graph\">{\"@context\":\"https:\/\/schema.org\",\"@graph\":[{\"@type\":\"WebPage\",\"@id\":\"https:\/\/lam.unitedforclinicalnutrition.com\/es-cl\/fellowship-program\/\",\"url\":\"https:\/\/lam.unitedforclinicalnutrition.com\/es-cl\/fellowship-program\/\",\"name\":\"Fellowship Program - Unidos por la Nutrici\u00f3n Cl\u00ednica | Chile\",\"isPartOf\":{\"@id\":\"https:\/\/lam.unitedforclinicalnutrition.com\/es-cl\/#website\"},\"primaryImageOfPage\":{\"@id\":\"https:\/\/lam.unitedforclinicalnutrition.com\/es-cl\/fellowship-program\/#primaryimage\"},\"image\":{\"@id\":\"https:\/\/lam.unitedforclinicalnutrition.com\/es-cl\/fellowship-program\/#primaryimage\"},\"thumbnailUrl\":\"https:\/\/lam.unitedforclinicalnutrition.com\/es-ar\/wp-content\/uploads\/sites\/2\/2025\/08\/fellowship-backgroudn-3-e1754039194185.png\",\"datePublished\":\"2025-07-30T15:00:17+00:00\",\"dateModified\":\"2025-10-29T11:42:28+00:00\",\"breadcrumb\":{\"@id\":\"https:\/\/lam.unitedforclinicalnutrition.com\/es-cl\/fellowship-program\/#breadcrumb\"},\"inLanguage\":\"es-CL\",\"potentialAction\":[{\"@type\":\"ReadAction\",\"target\":[\"https:\/\/lam.unitedforclinicalnutrition.com\/es-cl\/fellowship-program\/\"]}]},{\"@type\":\"ImageObject\",\"inLanguage\":\"es-CL\",\"@id\":\"https:\/\/lam.unitedforclinicalnutrition.com\/es-cl\/fellowship-program\/#primaryimage\",\"url\":\"https:\/\/lam.unitedforclinicalnutrition.com\/es-ar\/wp-content\/uploads\/sites\/2\/2025\/08\/fellowship-backgroudn-3-e1754039194185.png\",\"contentUrl\":\"https:\/\/lam.unitedforclinicalnutrition.com\/es-ar\/wp-content\/uploads\/sites\/2\/2025\/08\/fellowship-backgroudn-3-e1754039194185.png\"},{\"@type\":\"BreadcrumbList\",\"@id\":\"https:\/\/lam.unitedforclinicalnutrition.com\/es-cl\/fellowship-program\/#breadcrumb\",\"itemListElement\":[{\"@type\":\"ListItem\",\"position\":1,\"name\":\"Home\",\"item\":\"https:\/\/lam.unitedforclinicalnutrition.com\/es-cl\/\"},{\"@type\":\"ListItem\",\"position\":2,\"name\":\"Fellowship Program\"}]},{\"@type\":\"WebSite\",\"@id\":\"https:\/\/lam.unitedforclinicalnutrition.com\/es-cl\/#website\",\"url\":\"https:\/\/lam.unitedforclinicalnutrition.com\/es-cl\/\",\"name\":\"Unidos por la Nutrici\u00f3n Cl\u00ednica | Chile\",\"description\":\"Es una iniciativa creada por Fresenius Kabi para trabajar en conjunto con los profesionales de la salud.\",\"publisher\":{\"@id\":\"https:\/\/lam.unitedforclinicalnutrition.com\/es-cl\/#organization\"},\"potentialAction\":[{\"@type\":\"SearchAction\",\"target\":{\"@type\":\"EntryPoint\",\"urlTemplate\":\"https:\/\/lam.unitedforclinicalnutrition.com\/es-cl\/?s={search_term_string}\"},\"query-input\":{\"@type\":\"PropertyValueSpecification\",\"valueRequired\":true,\"valueName\":\"search_term_string\"}}],\"inLanguage\":\"es-CL\"},{\"@type\":\"Organization\",\"@id\":\"https:\/\/lam.unitedforclinicalnutrition.com\/es-cl\/#organization\",\"name\":\"Fresenius Kabi AG\",\"url\":\"https:\/\/lam.unitedforclinicalnutrition.com\/es-cl\/\",\"logo\":{\"@type\":\"ImageObject\",\"inLanguage\":\"es-CL\",\"@id\":\"https:\/\/lam.unitedforclinicalnutrition.com\/es-cl\/#\/schema\/logo\/image\/\",\"url\":\"https:\/\/lam.unitedforclinicalnutrition.com\/es-cl\/wp-content\/uploads\/sites\/4\/2018\/05\/Downloads_en_0002_Logo_edit_english.jpg\",\"contentUrl\":\"https:\/\/lam.unitedforclinicalnutrition.com\/es-cl\/wp-content\/uploads\/sites\/4\/2018\/05\/Downloads_en_0002_Logo_edit_english.jpg\",\"width\":600,\"height\":400,\"caption\":\"Fresenius Kabi AG\"},\"image\":{\"@id\":\"https:\/\/lam.unitedforclinicalnutrition.com\/es-cl\/#\/schema\/logo\/image\/\"}}]}<\/script>\n<!-- \/ Yoast SEO plugin. -->","yoast_head_json":{"title":"Fellowship Program - Unidos por la Nutrici\u00f3n Cl\u00ednica | Chile","robots":{"index":"index","follow":"follow","max-snippet":"max-snippet:-1","max-image-preview":"max-image-preview:large","max-video-preview":"max-video-preview:-1"},"canonical":"https:\/\/lam.unitedforclinicalnutrition.com\/es-cl\/fellowship-program\/","og_locale":"es_ES","og_type":"article","og_title":"Fellowship Program - Unidos por la Nutrici\u00f3n Cl\u00ednica | Chile","og_description":"&nbsp; La nutrici\u00f3n cl\u00ednica es mucho m\u00e1s que un complemento del tratamiento: es una herramienta poderosa para mejorar los resultados de los pacientes, reducir complicaciones y acortar las estancias hospitalarias. Sin embargo, en muchos hospitales de Am\u00e9rica Latina y Canad\u00e1, la implementaci\u00f3n de pr\u00e1cticas nutricionales de alta calidad a\u00fan representa un desaf\u00edo. Por eso nace [&hellip;]","og_url":"https:\/\/lam.unitedforclinicalnutrition.com\/es-cl\/fellowship-program\/","og_site_name":"Unidos por la Nutrici\u00f3n Cl\u00ednica | Chile","article_modified_time":"2025-10-29T11:42:28+00:00","og_image":[{"width":1280,"height":853,"url":"https:\/\/lam.unitedforclinicalnutrition.com\/es-cl\/wp-content\/uploads\/sites\/4\/2018\/12\/GRANT-winner-picture.jpg","type":"image\/jpeg"}],"twitter_card":"summary_large_image","twitter_misc":{"Tiempo estimado de lectura":"3 minutos"},"schema":{"@context":"https:\/\/schema.org","@graph":[{"@type":"WebPage","@id":"https:\/\/lam.unitedforclinicalnutrition.com\/es-cl\/fellowship-program\/","url":"https:\/\/lam.unitedforclinicalnutrition.com\/es-cl\/fellowship-program\/","name":"Fellowship Program - Unidos por la Nutrici\u00f3n Cl\u00ednica | Chile","isPartOf":{"@id":"https:\/\/lam.unitedforclinicalnutrition.com\/es-cl\/#website"},"primaryImageOfPage":{"@id":"https:\/\/lam.unitedforclinicalnutrition.com\/es-cl\/fellowship-program\/#primaryimage"},"image":{"@id":"https:\/\/lam.unitedforclinicalnutrition.com\/es-cl\/fellowship-program\/#primaryimage"},"thumbnailUrl":"https:\/\/lam.unitedforclinicalnutrition.com\/es-ar\/wp-content\/uploads\/sites\/2\/2025\/08\/fellowship-backgroudn-3-e1754039194185.png","datePublished":"2025-07-30T15:00:17+00:00","dateModified":"2025-10-29T11:42:28+00:00","breadcrumb":{"@id":"https:\/\/lam.unitedforclinicalnutrition.com\/es-cl\/fellowship-program\/#breadcrumb"},"inLanguage":"es-CL","potentialAction":[{"@type":"ReadAction","target":["https:\/\/lam.unitedforclinicalnutrition.com\/es-cl\/fellowship-program\/"]}]},{"@type":"ImageObject","inLanguage":"es-CL","@id":"https:\/\/lam.unitedforclinicalnutrition.com\/es-cl\/fellowship-program\/#primaryimage","url":"https:\/\/lam.unitedforclinicalnutrition.com\/es-ar\/wp-content\/uploads\/sites\/2\/2025\/08\/fellowship-backgroudn-3-e1754039194185.png","contentUrl":"https:\/\/lam.unitedforclinicalnutrition.com\/es-ar\/wp-content\/uploads\/sites\/2\/2025\/08\/fellowship-backgroudn-3-e1754039194185.png"},{"@type":"BreadcrumbList","@id":"https:\/\/lam.unitedforclinicalnutrition.com\/es-cl\/fellowship-program\/#breadcrumb","itemListElement":[{"@type":"ListItem","position":1,"name":"Home","item":"https:\/\/lam.unitedforclinicalnutrition.com\/es-cl\/"},{"@type":"ListItem","position":2,"name":"Fellowship Program"}]},{"@type":"WebSite","@id":"https:\/\/lam.unitedforclinicalnutrition.com\/es-cl\/#website","url":"https:\/\/lam.unitedforclinicalnutrition.com\/es-cl\/","name":"Unidos por la Nutrici\u00f3n Cl\u00ednica | Chile","description":"Es una iniciativa creada por Fresenius Kabi para trabajar en conjunto con los profesionales de la salud.","publisher":{"@id":"https:\/\/lam.unitedforclinicalnutrition.com\/es-cl\/#organization"},"potentialAction":[{"@type":"SearchAction","target":{"@type":"EntryPoint","urlTemplate":"https:\/\/lam.unitedforclinicalnutrition.com\/es-cl\/?s={search_term_string}"},"query-input":{"@type":"PropertyValueSpecification","valueRequired":true,"valueName":"search_term_string"}}],"inLanguage":"es-CL"},{"@type":"Organization","@id":"https:\/\/lam.unitedforclinicalnutrition.com\/es-cl\/#organization","name":"Fresenius Kabi AG","url":"https:\/\/lam.unitedforclinicalnutrition.com\/es-cl\/","logo":{"@type":"ImageObject","inLanguage":"es-CL","@id":"https:\/\/lam.unitedforclinicalnutrition.com\/es-cl\/#\/schema\/logo\/image\/","url":"https:\/\/lam.unitedforclinicalnutrition.com\/es-cl\/wp-content\/uploads\/sites\/4\/2018\/05\/Downloads_en_0002_Logo_edit_english.jpg","contentUrl":"https:\/\/lam.unitedforclinicalnutrition.com\/es-cl\/wp-content\/uploads\/sites\/4\/2018\/05\/Downloads_en_0002_Logo_edit_english.jpg","width":600,"height":400,"caption":"Fresenius Kabi AG"},"image":{"@id":"https:\/\/lam.unitedforclinicalnutrition.com\/es-cl\/#\/schema\/logo\/image\/"}}]}},"_links":{"self":[{"href":"https:\/\/lam.unitedforclinicalnutrition.com\/es-cl\/wp-json\/wp\/v2\/pages\/2015","targetHints":{"allow":["GET"]}}],"collection":[{"href":"https:\/\/lam.unitedforclinicalnutrition.com\/es-cl\/wp-json\/wp\/v2\/pages"}],"about":[{"href":"https:\/\/lam.unitedforclinicalnutrition.com\/es-cl\/wp-json\/wp\/v2\/types\/page"}],"author":[{"embeddable":true,"href":"https:\/\/lam.unitedforclinicalnutrition.com\/es-cl\/wp-json\/wp\/v2\/users\/6343"}],"replies":[{"embeddable":true,"href":"https:\/\/lam.unitedforclinicalnutrition.com\/es-cl\/wp-json\/wp\/v2\/comments?post=2015"}],"version-history":[{"count":0,"href":"https:\/\/lam.unitedforclinicalnutrition.com\/es-cl\/wp-json\/wp\/v2\/pages\/2015\/revisions"}],"wp:attachment":[{"href":"https:\/\/lam.unitedforclinicalnutrition.com\/es-cl\/wp-json\/wp\/v2\/media?parent=2015"}],"curies":[{"name":"wp","href":"https:\/\/api.w.org\/{rel}","templated":true}]}}